{"id":16955,"date":"2019-02-21T16:11:53","date_gmt":"2019-02-21T16:11:53","guid":{"rendered":"https:\/\/web2019.alfredoferrer.com\/?page_id=16955"},"modified":"2019-02-21T16:11:53","modified_gmt":"2019-02-21T16:11:53","slug":"relex-smile-laser-deutsch","status":"publish","type":"page","link":"https:\/\/alfredoferrer.com\/de\/relex-smile-laser-deutsch\/","title":{"rendered":"ReLEx SMILE\u00ae \u2013 Die Neueste Laser Behandlung"},"content":{"rendered":"[vc_row type=&#8220;full_width_background&#8220; full_screen_row_position=&#8220;middle&#8220; bg_color=&#8220;#ffffff&#8220; scene_position=&#8220;center&#8220; text_color=&#8220;dark&#8220; text_align=&#8220;left&#8220; top_padding=&#8220;4%&#8220; overlay_strength=&#8220;0.3&#8243; shape_divider_position=&#8220;bottom&#8220; bg_image_animation=&#8220;none&#8220; shape_type=&#8220;&#8220;][vc_column column_padding=&#8220;no-extra-padding&#8220; column_padding_position=&#8220;all&#8220; background_color_opacity=&#8220;1&#8243; background_hover_color_opacity=&#8220;1&#8243; column_link_target=&#8220;_self&#8220; column_shadow=&#8220;none&#8220; column_border_radius=&#8220;none&#8220; width=&#8220;1\/6&#8243; tablet_width_inherit=&#8220;default&#8220; tablet_text_alignment=&#8220;default&#8220; phone_text_alignment=&#8220;default&#8220; column_border_width=&#8220;none&#8220; column_border_style=&#8220;solid&#8220; bg_image_animation=&#8220;none&#8220;][\/vc_column][vc_column centered_text=&#8220;true&#8220; column_padding=&#8220;no-extra-padding&#8220; column_padding_position=&#8220;all&#8220; background_color_opacity=&#8220;1&#8243; background_hover_color_opacity=&#8220;1&#8243; column_link_target=&#8220;_self&#8220; column_shadow=&#8220;none&#8220; column_border_radius=&#8220;none&#8220; width=&#8220;2\/3&#8243; tablet_width_inherit=&#8220;default&#8220; tablet_text_alignment=&#8220;default&#8220; phone_text_alignment=&#8220;default&#8220; column_border_width=&#8220;none&#8220; column_border_style=&#8220;solid&#8220; bg_image_animation=&#8220;none&#8220;][vc_row_inner column_margin=&#8220;default&#8220; text_align=&#8220;left&#8220; css=&#8220;.vc_custom_1548371557160{margin-bottom: 0px !important;padding-bottom: 0px !important;}&#8220;][vc_column_inner column_padding=&#8220;no-extra-padding&#8220; column_padding_position=&#8220;all&#8220; background_color_opacity=&#8220;1&#8243; background_hover_color_opacity=&#8220;1&#8243; column_shadow=&#8220;none&#8220; column_border_radius=&#8220;none&#8220; column_link_target=&#8220;_self&#8220; width=&#8220;1\/1&#8243; tablet_width_inherit=&#8220;default&#8220; column_border_width=&#8220;none&#8220; column_border_style=&#8220;solid&#8220; bg_image_animation=&#8220;none&#8220;][nectar_gradient_text heading_tag=&#8220;h2&#8243; color=&#8220;extra-color-gradient-1&#8243; gradient_direction=&#8220;horizontal&#8220; text=&#8220;ReLEx Smile \u00ae&#8220;][\/vc_column_inner][\/vc_row_inner][\/vc_column][vc_column column_padding=&#8220;no-extra-padding&#8220; column_padding_position=&#8220;all&#8220; background_color_opacity=&#8220;1&#8243; background_hover_color_opacity=&#8220;1&#8243; column_link_target=&#8220;_self&#8220; column_shadow=&#8220;none&#8220; column_border_radius=&#8220;none&#8220; width=&#8220;1\/6&#8243; tablet_width_inherit=&#8220;default&#8220; tablet_text_alignment=&#8220;default&#8220; phone_text_alignment=&#8220;default&#8220; column_border_width=&#8220;none&#8220; column_border_style=&#8220;solid&#8220; bg_image_animation=&#8220;none&#8220;][\/vc_column][\/vc_row][vc_row type=&#8220;full_width_background&#8220; full_screen_row_position=&#8220;middle&#8220; bg_color=&#8220;#ffffff&#8220; scene_position=&#8220;center&#8220; text_color=&#8220;dark&#8220; text_align=&#8220;left&#8220; top_padding=&#8220;2%&#8220; bottom_padding=&#8220;6%&#8220; overlay_strength=&#8220;0.3&#8243; shape_divider_position=&#8220;bottom&#8220; bg_image_animation=&#8220;none&#8220; shape_type=&#8220;&#8220;][vc_column column_padding=&#8220;no-extra-padding&#8220; column_padding_position=&#8220;all&#8220; background_color_opacity=&#8220;1&#8243; background_hover_color_opacity=&#8220;1&#8243; column_link_target=&#8220;_self&#8220; column_shadow=&#8220;none&#8220; column_border_radius=&#8220;none&#8220; width=&#8220;1\/1&#8243; tablet_width_inherit=&#8220;default&#8220; tablet_text_alignment=&#8220;default&#8220; phone_text_alignment=&#8220;default&#8220; column_border_width=&#8220;none&#8220; column_border_style=&#8220;solid&#8220; bg_image_animation=&#8220;none&#8220;][tabbed_section style=&#8220;vertical_modern&#8220; tab_color=&#8220;Accent-Color&#8220;][tab icon_family=&#8220;iconsmind&#8220; title=&#8220;Was ist es?&#8220; id=&#8220;1550765278676-0&#8243; icon_iconsmind=&#8220;iconsmind-Livejournal&#8220; tab_id=&#8220;1550765278677-3&#8243;][vc_row_inner column_margin=&#8220;default&#8220; text_align=&#8220;left&#8220;][vc_column_inner column_padding=&#8220;padding-3-percent&#8220; column_padding_position=&#8220;top-bottom&#8220; background_color_opacity=&#8220;1&#8243; background_hover_color_opacity=&#8220;1&#8243; column_shadow=&#8220;none&#8220; column_border_radius=&#8220;none&#8220; column_link_target=&#8220;_self&#8220; width=&#8220;1\/1&#8243; tablet_width_inherit=&#8220;default&#8220; column_border_width=&#8220;none&#8220; column_border_style=&#8220;solid&#8220; bg_image_animation=&#8220;none&#8220; enable_animation=&#8220;true&#8220; animation=&#8220;fade-in-from-bottom&#8220;][nectar_video_lightbox link_style=&#8220;play_button_2&#8243; nectar_play_button_color=&#8220;Extra-Color-3&#8243; image_url=&#8220;16233&#8243; hover_effect=&#8220;defaut&#8220; box_shadow=&#8220;none&#8220; border_radius=&#8220;5px&#8220; play_button_size=&#8220;larger&#8220; video_url=&#8220;https:\/\/www.youtube.com\/watch?v=R0q4vPYcpW8&#8243;][divider line_type=&#8220;No Line&#8220; custom_height=&#8220;40&#8243;][vc_column_text]\n<p style=\"text-align: justify;\">Seit November 2013 haben wir unser Behandlungsspektrum mit der\u00a0<strong>neuesten Femtosekundenlaser Technik f\u00fcr refraktive Chirurgie<\/strong>\u00a0bereichert:\u00a0<strong>ReLEx SMILE\u00ae<\/strong>, in Kooperation mit dem\u00a0<a href=\"http:\/\/quijada.com.es\/\" target=\"_blank\" rel=\"noopener\">Augenzentrum Quijada<\/a>, in Valencia.<\/p>\n[\/vc_column_text][\/vc_column_inner][\/vc_row_inner][divider line_type=&#8220;No Line&#8220; custom_height=&#8220;40&#8243;][\/tab][tab icon_family=&#8220;iconsmind&#8220; title=&#8220;Technik&#8220; id=&#8220;1550765278784-1&#8243; icon_iconsmind=&#8220;iconsmind-Idea-4&#8243; tab_id=&#8220;1550765278785-4&#8243;][vc_row_inner column_margin=&#8220;default&#8220; text_align=&#8220;left&#8220;][vc_column_inner column_padding=&#8220;padding-3-percent&#8220; column_padding_position=&#8220;top-bottom&#8220; background_color_opacity=&#8220;1&#8243; background_hover_color_opacity=&#8220;1&#8243; column_shadow=&#8220;none&#8220; column_border_radius=&#8220;none&#8220; column_link_target=&#8220;_self&#8220; width=&#8220;1\/1&#8243; tablet_width_inherit=&#8220;default&#8220; column_border_width=&#8220;none&#8220; column_border_style=&#8220;solid&#8220; bg_image_animation=&#8220;none&#8220; enable_animation=&#8220;true&#8220; animation=&#8220;fade-in-from-bottom&#8220;][vc_column_text css=&#8220;.vc_custom_1550765358941{padding-right: 10% !important;}&#8220;]\n<p style=\"text-align: justify;\">ZEISS\u2019 ReLEx SMILE\u00ae verwendet einen Femtosekunden-Laser f\u00fcr die Behandlung der Kurzsichtigkeit oder vom kurzsichtigen Astigmatismus.\u00a0Als Unterschied zur schon traditionellen LASIK Technik, wird bei ReLEx SMILE \u00ae auf den Vollschnitt vor der Laserbehandlung der Hornhaut verzichtet, und somit bleibt die Hornhaut-Struktur intakt.<\/p>\n<p style=\"text-align: justify;\">Das bedeutet, dass die oberen Schichten der Hornhaut unver\u00e4ndert bleiben, so dass die Interaktion mit den dort vorhandenen Nervenendigungen auf ein Minimum reduziert wird. Damit werden postoperative Beschwerden wie Schmerzen und trockenes Auge weitgehend verhindert.<\/p>\n<p style=\"text-align: justify;\">Und, nat\u00fcrlich, ReLEx SMILE\u00ae ist noch pr\u00e4ziser als sein Vorg\u00e4nger, LASIK. Dies erm\u00f6glicht eine noch\u00a0<strong>schnellere visuelle Rehabilitation<\/strong>\u00a0und nahezu sofortige Ergebnisse.<\/p>\n<p style=\"text-align: justify;\"><strong>ReLEx SMILE\u00ae ist eine Revolution\u00a0<\/strong>in der Welt der refraktiven Augenchirurgie: die<strong>\u00a0nicht-invasive, sicherste und effektivste Technik<\/strong>.<\/p>\n[\/vc_column_text][\/vc_column_inner][\/vc_row_inner][\/tab][\/tabbed_section][\/vc_column][\/vc_row][vc_row type=&#8220;full_width_background&#8220; full_screen_row_position=&#8220;middle&#8220; bg_color=&#8220;#f2f2f2&#8243; scene_position=&#8220;center&#8220; text_color=&#8220;dark&#8220; text_align=&#8220;left&#8220; top_padding=&#8220;8%&#8220; overlay_strength=&#8220;0.8&#8243; enable_shape_divider=&#8220;true&#8220; shape_divider_position=&#8220;top&#8220; shape_divider_height=&#8220;200&#8243; bg_image_animation=&#8220;none&#8220; shape_type=&#8220;curve_opacity&#8220;][vc_column column_padding=&#8220;no-extra-padding&#8220; column_padding_position=&#8220;all&#8220; background_color_opacity=&#8220;1&#8243; background_hover_color_opacity=&#8220;1&#8243; font_color=&#8220;#ffffff&#8220; column_link_target=&#8220;_self&#8220; column_shadow=&#8220;none&#8220; column_border_radius=&#8220;none&#8220; width=&#8220;1\/4&#8243; tablet_width_inherit=&#8220;default&#8220; tablet_text_alignment=&#8220;default&#8220; phone_text_alignment=&#8220;default&#8220; column_border_width=&#8220;none&#8220; column_border_style=&#8220;solid&#8220; bg_image_animation=&#8220;none&#8220; translate_y=&#8220;-50%&#8220;][\/vc_column][vc_column column_padding=&#8220;no-extra-padding&#8220; column_padding_position=&#8220;all&#8220; background_color_opacity=&#8220;1&#8243; background_hover_color_opacity=&#8220;1&#8243; column_link_target=&#8220;_self&#8220; column_shadow=&#8220;none&#8220; column_border_radius=&#8220;none&#8220; width=&#8220;1\/2&#8243; tablet_width_inherit=&#8220;default&#8220; tablet_text_alignment=&#8220;default&#8220; phone_text_alignment=&#8220;default&#8220; column_border_width=&#8220;none&#8220; column_border_style=&#8220;solid&#8220; bg_image_animation=&#8220;none&#8220;][vc_row_inner column_margin=&#8220;default&#8220; bottom_padding=&#8220;2%&#8220; translate_y=&#8220;-50%&#8220; text_align=&#8220;left&#8220; css=&#8220;.vc_custom_1549969304165{margin-bottom: 0px !important;}&#8220;][vc_column_inner column_padding=&#8220;padding-5-percent&#8220; column_padding_position=&#8220;all&#8220; centered_text=&#8220;true&#8220; background_color=&#8220;#ffffff&#8220; background_color_opacity=&#8220;1&#8243; background_color_hover=&#8220;#f9f9f9&#8243; background_hover_color_opacity=&#8220;1&#8243; font_color=&#8220;#141e8c&#8220; column_shadow=&#8220;x_large_depth&#8220; column_border_radius=&#8220;20px&#8220; column_link_target=&#8220;_self&#8220; width=&#8220;1\/1&#8243; tablet_width_inherit=&#8220;default&#8220; column_border_width=&#8220;2px&#8220; column_border_color=&#8220;#141e8c&#8220; column_border_style=&#8220;solid&#8220; enable_border_animation=&#8220;true&#8220; bg_image_animation=&#8220;none&#8220; enable_animation=&#8220;true&#8220; animation=&#8220;flip-in-vertical&#8220; border_animation_delay=&#8220;400&#8243;][divider line_type=&#8220;No Line&#8220; custom_height=&#8220;15&#8243;][vc_custom_heading text=&#8220;Termin vereinbaren&#8220; font_container=&#8220;tag:h3|text_align:center&#8220; use_theme_fonts=&#8220;yes&#8220; link=&#8220;url:%2Fde%2Ftermine|||&#8220;][vc_custom_heading text=&#8220;Denia &#8211; Moraira&#8220; font_container=&#8220;tag:h4|text_align:center&#8220; use_theme_fonts=&#8220;yes&#8220; link=&#8220;url:%2Fde%2Ftermine|||&#8220; css=&#8220;.vc_custom_1550741232094{padding-top: 5px !important;}&#8220;][vc_custom_heading text=&#8220;Telefon Nr. (+34) 96 642 6226&#8243; font_container=&#8220;tag:h4|text_align:center&#8220; use_theme_fonts=&#8220;yes&#8220; link=&#8220;url:%2Fde%2Ftermine|||&#8220; css=&#8220;.vc_custom_1550741250629{padding-top: 5px !important;}&#8220;][nectar_btn size=&#8220;large&#8220; button_style=&#8220;see-through-2&#8243; color_override=&#8220;#141e8c&#8220; hover_color_override=&#8220;#ffffff&#8220; hover_text_color_override=&#8220;#000000&#8243; icon_family=&#8220;none&#8220; url=&#8220;\/de\/termine&#8220; text=&#8220;TERMIN&#8220; margin_top=&#8220;30&#8243; margin_bottom=&#8220;1&#8243;][divider line_type=&#8220;No Line&#8220; custom_height=&#8220;15&#8243;][\/vc_column_inner][\/vc_row_inner][vc_row_inner column_margin=&#8220;default&#8220; top_padding=&#8220;0%&#8220; bottom_padding=&#8220;10%&#8220; translate_y=&#8220;-80%&#8220; text_align=&#8220;center&#8220; css=&#8220;.vc_custom_1549969419622{margin-top: 0px !important;}&#8220;][vc_column_inner column_padding=&#8220;no-extra-padding&#8220; column_padding_position=&#8220;all&#8220; background_color_opacity=&#8220;1&#8243; background_hover_color_opacity=&#8220;1&#8243; column_shadow=&#8220;none&#8220; column_border_radius=&#8220;none&#8220; top_margin=&#8220;0&#8243; column_link_target=&#8220;_self&#8220; width=&#8220;1\/1&#8243; tablet_width_inherit=&#8220;default&#8220; column_border_width=&#8220;none&#8220; column_border_style=&#8220;solid&#8220; bg_image_animation=&#8220;none&#8220;][nectar_cta btn_style=&#8220;material&#8220; heading_tag=&#8220;h4&#8243; text_color=&#8220;#141e8c&#8220; link_type=&#8220;regular&#8220; alignment=&#8220;center&#8220; link_text=&#8220;Patientenerfahrungen lesen&#8220; url=&#8220;\/de\/patientenerfahrungen&#8220;][\/vc_column_inner][\/vc_row_inner][\/vc_column][vc_column column_padding=&#8220;no-extra-padding&#8220; column_padding_position=&#8220;all&#8220; background_color_opacity=&#8220;1&#8243; background_hover_color_opacity=&#8220;1&#8243; column_link_target=&#8220;_self&#8220; column_shadow=&#8220;none&#8220; column_border_radius=&#8220;none&#8220; width=&#8220;1\/4&#8243; tablet_width_inherit=&#8220;default&#8220; tablet_text_alignment=&#8220;default&#8220; phone_text_alignment=&#8220;default&#8220; column_border_width=&#8220;none&#8220; column_border_style=&#8220;solid&#8220; bg_image_animation=&#8220;none&#8220;][\/vc_column][\/vc_row]\n","protected":false},"excerpt":{"rendered":"<p>[vc_row type=&#8220;full_width_background&#8220; full_screen_row_position=&#8220;middle&#8220; bg_color=&#8220;#ffffff&#8220; scene_position=&#8220;center&#8220; text_color=&#8220;dark&#8220; text_align=&#8220;left&#8220; top_padding=&#8220;4%&#8220; overlay_strength=&#8220;0.3&#8243; shape_divider_position=&#8220;bottom&#8220; bg_image_animation=&#8220;none&#8220; shape_type=&#8220;&#8220;][vc_column column_padding=&#8220;no-extra-padding&#8220; column_padding_position=&#8220;all&#8220; background_color_opacity=&#8220;1&#8243; background_hover_color_opacity=&#8220;1&#8243; column_link_target=&#8220;_self&#8220; column_shadow=&#8220;none&#8220; column_border_radius=&#8220;none&#8220; width=&#8220;1\/6&#8243; tablet_width_inherit=&#8220;default&#8220; tablet_text_alignment=&#8220;default&#8220; phone_text_alignment=&#8220;default&#8220; column_border_width=&#8220;none&#8220; column_border_style=&#8220;solid&#8220; bg_image_animation=&#8220;none&#8220;][\/vc_column][vc_column centered_text=&#8220;true&#8220; column_padding=&#8220;no-extra-padding&#8220; column_padding_position=&#8220;all&#8220; background_color_opacity=&#8220;1&#8243;&#8230;<\/p>\n","protected":false},"author":1,"featured_media":16157,"parent":0,"menu_order":0,"comment_status":"closed","ping_status":"closed","template":"","meta":{"footnotes":""},"aioseo_notices":[],"_links":{"self":[{"href":"https:\/\/alfredoferrer.com\/de\/wp-json\/wp\/v2\/pages\/16955"}],"collection":[{"href":"https:\/\/alfredoferrer.com\/de\/wp-json\/wp\/v2\/pages"}],"about":[{"href":"https:\/\/alfredoferrer.com\/de\/wp-json\/wp\/v2\/types\/page"}],"author":[{"embeddable":true,"href":"https:\/\/alfredoferrer.com\/de\/wp-json\/wp\/v2\/users\/1"}],"replies":[{"embeddable":true,"href":"https:\/\/alfredoferrer.com\/de\/wp-json\/wp\/v2\/comments?post=16955"}],"version-history":[{"count":0,"href":"https:\/\/alfredoferrer.com\/de\/wp-json\/wp\/v2\/pages\/16955\/revisions"}],"wp:featuredmedia":[{"embeddable":true,"href":"https:\/\/alfredoferrer.com\/de\/wp-json\/wp\/v2\/media\/16157"}],"wp:attachment":[{"href":"https:\/\/alfredoferrer.com\/de\/wp-json\/wp\/v2\/media?parent=16955"}],"curies":[{"name":"wp","href":"https:\/\/api.w.org\/{rel}","templated":true}]}}