{"id":16951,"date":"2019-02-21T16:09:18","date_gmt":"2019-02-21T16:09:18","guid":{"rendered":"https:\/\/web2019.alfredoferrer.com\/?page_id=16951"},"modified":"2019-02-21T16:09:18","modified_gmt":"2019-02-21T16:09:18","slug":"hornhauterkrankungen","status":"publish","type":"page","link":"https:\/\/alfredoferrer.com\/de\/hornhauterkrankungen\/","title":{"rendered":"Hornhauterkrankungen"},"content":{"rendered":"[vc_row type=&#8220;full_width_background&#8220; full_screen_row_position=&#8220;middle&#8220; bg_color=&#8220;#ffffff&#8220; scene_position=&#8220;center&#8220; text_color=&#8220;dark&#8220; text_align=&#8220;left&#8220; top_padding=&#8220;4%&#8220; overlay_strength=&#8220;0.3&#8243; shape_divider_position=&#8220;bottom&#8220; bg_image_animation=&#8220;none&#8220; shape_type=&#8220;&#8220;][vc_column column_padding=&#8220;no-extra-padding&#8220; column_padding_position=&#8220;all&#8220; background_color_opacity=&#8220;1&#8243; background_hover_color_opacity=&#8220;1&#8243; column_link_target=&#8220;_self&#8220; column_shadow=&#8220;none&#8220; column_border_radius=&#8220;none&#8220; width=&#8220;1\/6&#8243; tablet_width_inherit=&#8220;default&#8220; tablet_text_alignment=&#8220;default&#8220; phone_text_alignment=&#8220;default&#8220; column_border_width=&#8220;none&#8220; column_border_style=&#8220;solid&#8220; bg_image_animation=&#8220;none&#8220;][\/vc_column][vc_column centered_text=&#8220;true&#8220; column_padding=&#8220;no-extra-padding&#8220; column_padding_position=&#8220;all&#8220; background_color_opacity=&#8220;1&#8243; background_hover_color_opacity=&#8220;1&#8243; column_link_target=&#8220;_self&#8220; column_shadow=&#8220;none&#8220; column_border_radius=&#8220;none&#8220; width=&#8220;2\/3&#8243; tablet_width_inherit=&#8220;default&#8220; tablet_text_alignment=&#8220;default&#8220; phone_text_alignment=&#8220;default&#8220; column_border_width=&#8220;none&#8220; column_border_style=&#8220;solid&#8220; bg_image_animation=&#8220;none&#8220;][vc_row_inner column_margin=&#8220;default&#8220; text_align=&#8220;left&#8220; css=&#8220;.vc_custom_1548371557160{margin-bottom: 0px !important;padding-bottom: 0px !important;}&#8220;][vc_column_inner column_padding=&#8220;no-extra-padding&#8220; column_padding_position=&#8220;all&#8220; background_color_opacity=&#8220;1&#8243; background_hover_color_opacity=&#8220;1&#8243; column_shadow=&#8220;none&#8220; column_border_radius=&#8220;none&#8220; column_link_target=&#8220;_self&#8220; width=&#8220;1\/1&#8243; tablet_width_inherit=&#8220;default&#8220; column_border_width=&#8220;none&#8220; column_border_style=&#8220;solid&#8220; bg_image_animation=&#8220;none&#8220;][nectar_gradient_text heading_tag=&#8220;h2&#8243; color=&#8220;extra-color-gradient-1&#8243; gradient_direction=&#8220;horizontal&#8220; text=&#8220;Hornhauterkrankungen&#8220;][\/vc_column_inner][\/vc_row_inner][\/vc_column][vc_column column_padding=&#8220;no-extra-padding&#8220; column_padding_position=&#8220;all&#8220; background_color_opacity=&#8220;1&#8243; background_hover_color_opacity=&#8220;1&#8243; column_link_target=&#8220;_self&#8220; column_shadow=&#8220;none&#8220; column_border_radius=&#8220;none&#8220; width=&#8220;1\/6&#8243; tablet_width_inherit=&#8220;default&#8220; tablet_text_alignment=&#8220;default&#8220; phone_text_alignment=&#8220;default&#8220; column_border_width=&#8220;none&#8220; column_border_style=&#8220;solid&#8220; bg_image_animation=&#8220;none&#8220;][\/vc_column][\/vc_row][vc_row type=&#8220;full_width_background&#8220; full_screen_row_position=&#8220;middle&#8220; bg_color=&#8220;#ffffff&#8220; scene_position=&#8220;center&#8220; text_color=&#8220;dark&#8220; text_align=&#8220;left&#8220; top_padding=&#8220;2%&#8220; bottom_padding=&#8220;6%&#8220; overlay_strength=&#8220;0.3&#8243; shape_divider_position=&#8220;bottom&#8220; bg_image_animation=&#8220;none&#8220; shape_type=&#8220;&#8220;][vc_column column_padding=&#8220;no-extra-padding&#8220; column_padding_position=&#8220;all&#8220; background_color_opacity=&#8220;1&#8243; background_hover_color_opacity=&#8220;1&#8243; column_link_target=&#8220;_self&#8220; column_shadow=&#8220;none&#8220; column_border_radius=&#8220;none&#8220; width=&#8220;1\/1&#8243; tablet_width_inherit=&#8220;default&#8220; tablet_text_alignment=&#8220;default&#8220; phone_text_alignment=&#8220;default&#8220; column_border_width=&#8220;none&#8220; column_border_style=&#8220;solid&#8220; bg_image_animation=&#8220;none&#8220;][tabbed_section style=&#8220;vertical_modern&#8220; tab_color=&#8220;Accent-Color&#8220;][tab icon_family=&#8220;iconsmind&#8220; title=&#8220;Was sind sie?&#8220; id=&#8220;1550765081969-5&#8243; icon_iconsmind=&#8220;iconsmind-Livejournal&#8220; tab_id=&#8220;1550765081971-7&#8243;][vc_row_inner column_margin=&#8220;default&#8220; text_align=&#8220;left&#8220;][vc_column_inner column_padding=&#8220;padding-3-percent&#8220; column_padding_position=&#8220;top-bottom&#8220; background_color_opacity=&#8220;1&#8243; background_hover_color_opacity=&#8220;1&#8243; column_shadow=&#8220;none&#8220; column_border_radius=&#8220;none&#8220; column_link_target=&#8220;_self&#8220; width=&#8220;1\/1&#8243; tablet_width_inherit=&#8220;default&#8220; column_border_width=&#8220;none&#8220; column_border_style=&#8220;solid&#8220; bg_image_animation=&#8220;none&#8220; enable_animation=&#8220;true&#8220; animation=&#8220;fade-in-from-bottom&#8220;][image_with_animation image_url=&#8220;14932&#8243; alignment=&#8220;&#8220; animation=&#8220;Fade In&#8220; border_radius=&#8220;none&#8220; box_shadow=&#8220;none&#8220; max_width=&#8220;100%&#8220;][divider line_type=&#8220;No Line&#8220; custom_height=&#8220;40&#8243;][vc_column_text]\n<p style=\"text-align: justify;\">Bei Hornhauterkrankungen handelt es sich um jene Krankheiten, die die \u00e4u\u00dferste, transparente Schicht des Auges beteiligen. Unter den wichtigsten findet man:<\/p>\n<ul>\n<li style=\"text-align: justify;\">Trockenes Auge<\/li>\n<li style=\"text-align: justify;\">Office-Eye-Syndrom-Syndrom oder \u201c<strong>B\u00fcroaugen-Syndrom<\/strong>\u201c<\/li>\n<li style=\"text-align: justify;\">Infektionen durch Bakterien, Viren (Herpes, Adenovirus) und Pilze<\/li>\n<li style=\"text-align: justify;\">Verletzungen und Ver\u00e4tzungen<\/li>\n<li style=\"text-align: justify;\">Fl\u00fcgelfell (Pterygium)<\/li>\n<li style=\"text-align: justify;\">Keratokonus (Krankhafte Ausd\u00fcnnung und W\u00f6lbung der Hornhaut)<\/li>\n<\/ul>\n[\/vc_column_text][\/vc_column_inner][\/vc_row_inner][divider line_type=&#8220;No Line&#8220; custom_height=&#8220;40&#8243;][\/tab][tab icon_family=&#8220;iconsmind&#8220; title=&#8220;Warum sind sie wichtig?&#8220; id=&#8220;1550765082084-10&#8243; icon_iconsmind=&#8220;iconsmind-Idea-4&#8243; tab_id=&#8220;1550765082085-5&#8243;][vc_row_inner column_margin=&#8220;default&#8220; text_align=&#8220;left&#8220;][vc_column_inner column_padding=&#8220;padding-3-percent&#8220; column_padding_position=&#8220;top-bottom&#8220; background_color_opacity=&#8220;1&#8243; background_hover_color_opacity=&#8220;1&#8243; column_shadow=&#8220;none&#8220; column_border_radius=&#8220;none&#8220; column_link_target=&#8220;_self&#8220; width=&#8220;1\/1&#8243; tablet_width_inherit=&#8220;default&#8220; column_border_width=&#8220;none&#8220; column_border_style=&#8220;solid&#8220; bg_image_animation=&#8220;none&#8220; enable_animation=&#8220;true&#8220; animation=&#8220;fade-in-from-bottom&#8220;][vc_column_text css=&#8220;.vc_custom_1550765175681{padding-right: 10% !important;}&#8220;]\n<ul>\n<li style=\"text-align: justify;\">Weil die Hornhaut die \u00e4u\u00dferste und eine der empfindlichsten Schichten des Auges ist.<\/li>\n<li style=\"text-align: justify;\">Weil sie als erste Barriere des Auges dient.<\/li>\n<li style=\"text-align: justify;\">Weil eine Entz\u00fcndung oder eine Verletzung die Transparenz der Hornhaut irreversibel ver\u00e4ndern kann, und somit eine gravierende und irreversible Sehminderung entstehen kann.<\/li>\n<li style=\"text-align: justify;\">Weil eine Entz\u00fcndung oder eine Verletzung die Transparenz der Hornhaut irreversibel ver\u00e4ndern kann, und somit eine gravierende und irreversible Sehminderung entstehen kann.<\/li>\n<\/ul>\n[\/vc_column_text][\/vc_column_inner][\/vc_row_inner][\/tab][tab icon_family=&#8220;iconsmind&#8220; title=&#8220;Diagnose&#8220; id=&#8220;1550765082145-5&#8243; icon_iconsmind=&#8220;iconsmind-Stethoscope&#8220; tab_id=&#8220;1550765082147-10&#8243;][vc_row_inner column_margin=&#8220;default&#8220; text_align=&#8220;left&#8220;][vc_column_inner column_padding=&#8220;padding-3-percent&#8220; column_padding_position=&#8220;top-bottom&#8220; background_color_opacity=&#8220;1&#8243; background_hover_color_opacity=&#8220;1&#8243; column_shadow=&#8220;none&#8220; column_border_radius=&#8220;none&#8220; column_link_target=&#8220;_self&#8220; width=&#8220;1\/1&#8243; tablet_width_inherit=&#8220;default&#8220; column_border_width=&#8220;none&#8220; column_border_style=&#8220;solid&#8220; bg_image_animation=&#8220;none&#8220; enable_animation=&#8220;true&#8220; animation=&#8220;fade-in-from-bottom&#8220;][vc_column_text css=&#8220;.vc_custom_1550765196379{padding-right: 10% !important;}&#8220;]Mittels:<\/p>\n<ul>\n<li>Spaltlampenbiomikroskopie<\/li>\n<li>Ultraschallbiomikroskopie<\/li>\n<li>Endothelzellbiomikroskopie<\/li>\n<li>OCT (Optical Coherence Tomography)<\/li>\n<li>Pachymetrie (Hornhautdickenmessung)<\/li>\n<li>Computer-Topographie<\/li>\n<li>Aberrometrie<\/li>\n<\/ul>\n[\/vc_column_text][\/vc_column_inner][\/vc_row_inner][\/tab][tab icon_family=&#8220;iconsmind&#8220; title=&#8220;Behandlung&#8220; id=&#8220;1550765082206-1&#8243; icon_iconsmind=&#8220;iconsmind-Target&#8220; tab_id=&#8220;1550765082208-10&#8243;][vc_row_inner column_margin=&#8220;default&#8220; text_align=&#8220;left&#8220;][vc_column_inner column_padding=&#8220;padding-3-percent&#8220; column_padding_position=&#8220;top-bottom&#8220; background_color_opacity=&#8220;1&#8243; background_hover_color_opacity=&#8220;1&#8243; column_shadow=&#8220;none&#8220; column_border_radius=&#8220;none&#8220; column_link_target=&#8220;_self&#8220; width=&#8220;1\/1&#8243; tablet_width_inherit=&#8220;default&#8220; column_border_width=&#8220;none&#8220; column_border_style=&#8220;solid&#8220; bg_image_animation=&#8220;none&#8220; enable_animation=&#8220;true&#8220; animation=&#8220;fade-in-from-bottom&#8220;][vc_column_text css=&#8220;.vc_custom_1550765223764{padding-right: 10% !important;}&#8220;]\n<div id=\"12935\" class=\"clearfix col-sm-8\">\n<div class=\"page-content clearfix\">\n<section class=\"row\">\n<div class=\"spb_content_element col-sm-8 spb_text_column\">\n<div class=\"spb_wrapper clearfix\">\n<p style=\"text-align: justify;\">Je nach konkrete Hornhauterkrankung gibt es unterschiedliche Behandlungsans\u00e4tze:<\/p>\n<ul>\n<li style=\"text-align: justify;\">Bei Infektionen und Entz\u00fcndungen: Augentropfen und \u2013Salben (Antibiotika, Entz\u00fcndungshemmer), sowie systemische Therapie mit Tabletten und sogar intraven\u00f6se Infusionen in schweren F\u00e4llen.<\/li>\n<li style=\"text-align: justify;\">Beim trockenen Auge: hochwertige k\u00fcnstliche Tr\u00e4nen in Form von Augentropfen, \u2013Salben und -Sprays; systemische Therapie mit Tabletten (Nahrungserg\u00e4nzungsmittel, insbesondere Omega-Fetts\u00e4uren), in schweren F\u00e4llen Serumpr\u00e4parate aus eigenem Blut, Tr\u00e4nenwegsimplantate (Punctum Plugs).<\/li>\n<li style=\"text-align: justify;\">Bei Pterygium (Fl\u00fcgelfell): mikrochirurgische Versorgung.<\/li>\n<li style=\"text-align: justify;\">Bei Keratokonus: Kontaktlinsen, Collagen-Crosslinking mit UV+ Riboflavin, Intrakorneale Ringsegmente (Intacs\u00ae).<\/li>\n<li style=\"text-align: justify;\">Bei Hornhauttr\u00fcbungen und- Narben: Excimer-Laser, Hornhautverpflanzung.<\/li>\n<\/ul>\n<p><strong>Weitere Infos unter:<\/strong><\/p>\n<p><a href=\"http:\/\/www.dog.org\/wp-content\/uploads\/2009\/12\/Trockenes_Auge_Internet-Stand-02-2011.pdf\">http:\/\/www.dog.org\/wp-content\/uploads\/2009\/12\/Trockenes_Auge_Internet-Stand-02-2011.pdf<\/a><\/p>\n<p><a href=\"http:\/\/www.medizinfo.de\/augenheilkunde\/traenenorgane\/start.htm\">http:\/\/www.medizinfo.de\/augenheilkunde\/traenenorgane\/start.htm<\/a><\/p>\n<p><a href=\"http:\/\/www.auge-online.de\/Erkrankungen\/Hornhauterkrankungen\/hornhauterkrankungen.html\">http:\/\/www.auge-online.de\/Erkrankungen\/Hornhauterkrankungen\/hornhauterkrankungen.html<\/a><\/p>\n<\/div>\n<\/div>\n<\/section>\n<\/div>\n<\/div>\n<aside class=\"sidebar right-sidebar col-sm-4\">\n<div class=\"sidebar-widget-wrap sticky-widget stickit\">\n<section id=\"text-19\" class=\"widget widget_text clearfix\">\n<div class=\"widget-heading clearfix\"><\/div>\n<\/section>\n<\/div>\n<\/aside>\n[\/vc_column_text][\/vc_column_inner][\/vc_row_inner][\/tab][\/tabbed_section][\/vc_column][\/vc_row][vc_row type=&#8220;in_container&#8220; full_screen_row_position=&#8220;middle&#8220; scene_position=&#8220;center&#8220; text_color=&#8220;dark&#8220; text_align=&#8220;left&#8220; overlay_strength=&#8220;0.3&#8243; shape_divider_position=&#8220;bottom&#8220; bg_image_animation=&#8220;none&#8220;][vc_column column_padding=&#8220;no-extra-padding&#8220; column_padding_position=&#8220;all&#8220; background_color_opacity=&#8220;1&#8243; background_hover_color_opacity=&#8220;1&#8243; column_link_target=&#8220;_self&#8220; column_shadow=&#8220;none&#8220; column_border_radius=&#8220;none&#8220; width=&#8220;1\/1&#8243; tablet_width_inherit=&#8220;default&#8220; tablet_text_alignment=&#8220;default&#8220; phone_text_alignment=&#8220;default&#8220; column_border_width=&#8220;none&#8220; column_border_style=&#8220;solid&#8220; bg_image_animation=&#8220;none&#8220;][divider line_type=&#8220;No Line&#8220; custom_height=&#8220;150&#8243;][\/vc_column][\/vc_row][vc_row type=&#8220;full_width_background&#8220; full_screen_row_position=&#8220;middle&#8220; bg_color=&#8220;#f2f2f2&#8243; scene_position=&#8220;center&#8220; text_color=&#8220;dark&#8220; text_align=&#8220;left&#8220; top_padding=&#8220;8%&#8220; overlay_strength=&#8220;0.8&#8243; enable_shape_divider=&#8220;true&#8220; shape_divider_position=&#8220;top&#8220; shape_divider_height=&#8220;200&#8243; bg_image_animation=&#8220;none&#8220; shape_type=&#8220;curve_opacity&#8220;][vc_column column_padding=&#8220;no-extra-padding&#8220; column_padding_position=&#8220;all&#8220; background_color_opacity=&#8220;1&#8243; background_hover_color_opacity=&#8220;1&#8243; font_color=&#8220;#ffffff&#8220; column_link_target=&#8220;_self&#8220; column_shadow=&#8220;none&#8220; column_border_radius=&#8220;none&#8220; width=&#8220;1\/4&#8243; tablet_width_inherit=&#8220;default&#8220; tablet_text_alignment=&#8220;default&#8220; phone_text_alignment=&#8220;default&#8220; column_border_width=&#8220;none&#8220; column_border_style=&#8220;solid&#8220; bg_image_animation=&#8220;none&#8220; translate_y=&#8220;-50%&#8220;][\/vc_column][vc_column column_padding=&#8220;no-extra-padding&#8220; column_padding_position=&#8220;all&#8220; background_color_opacity=&#8220;1&#8243; background_hover_color_opacity=&#8220;1&#8243; column_link_target=&#8220;_self&#8220; column_shadow=&#8220;none&#8220; column_border_radius=&#8220;none&#8220; width=&#8220;1\/2&#8243; tablet_width_inherit=&#8220;default&#8220; tablet_text_alignment=&#8220;default&#8220; phone_text_alignment=&#8220;default&#8220; column_border_width=&#8220;none&#8220; column_border_style=&#8220;solid&#8220; bg_image_animation=&#8220;none&#8220;][vc_row_inner column_margin=&#8220;default&#8220; bottom_padding=&#8220;2%&#8220; translate_y=&#8220;-50%&#8220; text_align=&#8220;left&#8220; css=&#8220;.vc_custom_1549969304165{margin-bottom: 0px !important;}&#8220;][vc_column_inner column_padding=&#8220;padding-5-percent&#8220; column_padding_position=&#8220;all&#8220; centered_text=&#8220;true&#8220; background_color=&#8220;#ffffff&#8220; background_color_opacity=&#8220;1&#8243; background_color_hover=&#8220;#f9f9f9&#8243; background_hover_color_opacity=&#8220;1&#8243; font_color=&#8220;#141e8c&#8220; column_shadow=&#8220;x_large_depth&#8220; column_border_radius=&#8220;20px&#8220; column_link_target=&#8220;_self&#8220; width=&#8220;1\/1&#8243; tablet_width_inherit=&#8220;default&#8220; column_border_width=&#8220;2px&#8220; column_border_color=&#8220;#141e8c&#8220; column_border_style=&#8220;solid&#8220; enable_border_animation=&#8220;true&#8220; bg_image_animation=&#8220;none&#8220; enable_animation=&#8220;true&#8220; animation=&#8220;flip-in-vertical&#8220; border_animation_delay=&#8220;400&#8243;][divider line_type=&#8220;No Line&#8220; custom_height=&#8220;15&#8243;][vc_custom_heading text=&#8220;Termin vereinbaren&#8220; font_container=&#8220;tag:h3|text_align:center&#8220; use_theme_fonts=&#8220;yes&#8220; link=&#8220;url:%2Fde%2Ftermine|||&#8220;][vc_custom_heading text=&#8220;Denia &#8211; Moraira&#8220; font_container=&#8220;tag:h4|text_align:center&#8220; use_theme_fonts=&#8220;yes&#8220; link=&#8220;url:%2Fde%2Ftermine|||&#8220; css=&#8220;.vc_custom_1550741232094{padding-top: 5px !important;}&#8220;][vc_custom_heading text=&#8220;Telefon Nr. (+34) 96 642 6226&#8243; font_container=&#8220;tag:h4|text_align:center&#8220; use_theme_fonts=&#8220;yes&#8220; link=&#8220;url:%2Fde%2Ftermine|||&#8220; css=&#8220;.vc_custom_1550741250629{padding-top: 5px !important;}&#8220;][nectar_btn size=&#8220;large&#8220; button_style=&#8220;see-through-2&#8243; color_override=&#8220;#141e8c&#8220; hover_color_override=&#8220;#ffffff&#8220; hover_text_color_override=&#8220;#000000&#8243; icon_family=&#8220;none&#8220; url=&#8220;\/de\/termine&#8220; text=&#8220;TERMIN&#8220; margin_top=&#8220;30&#8243; margin_bottom=&#8220;1&#8243;][divider line_type=&#8220;No Line&#8220; custom_height=&#8220;15&#8243;][\/vc_column_inner][\/vc_row_inner][vc_row_inner column_margin=&#8220;default&#8220; top_padding=&#8220;0%&#8220; bottom_padding=&#8220;10%&#8220; translate_y=&#8220;-80%&#8220; text_align=&#8220;center&#8220; css=&#8220;.vc_custom_1549969419622{margin-top: 0px !important;}&#8220;][vc_column_inner column_padding=&#8220;no-extra-padding&#8220; column_padding_position=&#8220;all&#8220; background_color_opacity=&#8220;1&#8243; background_hover_color_opacity=&#8220;1&#8243; column_shadow=&#8220;none&#8220; column_border_radius=&#8220;none&#8220; top_margin=&#8220;0&#8243; column_link_target=&#8220;_self&#8220; width=&#8220;1\/1&#8243; tablet_width_inherit=&#8220;default&#8220; column_border_width=&#8220;none&#8220; column_border_style=&#8220;solid&#8220; bg_image_animation=&#8220;none&#8220;][nectar_cta btn_style=&#8220;material&#8220; heading_tag=&#8220;h4&#8243; text_color=&#8220;#141e8c&#8220; link_type=&#8220;regular&#8220; alignment=&#8220;center&#8220; link_text=&#8220;Patientenerfahrungen lesen&#8220; url=&#8220;\/de\/patientenerfahrungen&#8220;][\/vc_column_inner][\/vc_row_inner][\/vc_column][vc_column column_padding=&#8220;no-extra-padding&#8220; column_padding_position=&#8220;all&#8220; background_color_opacity=&#8220;1&#8243; background_hover_color_opacity=&#8220;1&#8243; column_link_target=&#8220;_self&#8220; column_shadow=&#8220;none&#8220; column_border_radius=&#8220;none&#8220; width=&#8220;1\/4&#8243; tablet_width_inherit=&#8220;default&#8220; tablet_text_alignment=&#8220;default&#8220; phone_text_alignment=&#8220;default&#8220; column_border_width=&#8220;none&#8220; column_border_style=&#8220;solid&#8220; bg_image_animation=&#8220;none&#8220;][\/vc_column][\/vc_row]\n","protected":false},"excerpt":{"rendered":"<p>[vc_row type=&#8220;full_width_background&#8220; full_screen_row_position=&#8220;middle&#8220; bg_color=&#8220;#ffffff&#8220; scene_position=&#8220;center&#8220; text_color=&#8220;dark&#8220; text_align=&#8220;left&#8220; top_padding=&#8220;4%&#8220; overlay_strength=&#8220;0.3&#8243; shape_divider_position=&#8220;bottom&#8220; bg_image_animation=&#8220;none&#8220; shape_type=&#8220;&#8220;][vc_column column_padding=&#8220;no-extra-padding&#8220; column_padding_position=&#8220;all&#8220; background_color_opacity=&#8220;1&#8243; background_hover_color_opacity=&#8220;1&#8243; column_link_target=&#8220;_self&#8220; column_shadow=&#8220;none&#8220; column_border_radius=&#8220;none&#8220; width=&#8220;1\/6&#8243; tablet_width_inherit=&#8220;default&#8220; tablet_text_alignment=&#8220;default&#8220; phone_text_alignment=&#8220;default&#8220; column_border_width=&#8220;none&#8220; column_border_style=&#8220;solid&#8220; bg_image_animation=&#8220;none&#8220;][\/vc_column][vc_column centered_text=&#8220;true&#8220; column_padding=&#8220;no-extra-padding&#8220; column_padding_position=&#8220;all&#8220; background_color_opacity=&#8220;1&#8243;&#8230;<\/p>\n","protected":false},"author":1,"featured_media":16157,"parent":0,"menu_order":0,"comment_status":"closed","ping_status":"closed","template":"","meta":{"footnotes":""},"aioseo_notices":[],"_links":{"self":[{"href":"https:\/\/alfredoferrer.com\/de\/wp-json\/wp\/v2\/pages\/16951"}],"collection":[{"href":"https:\/\/alfredoferrer.com\/de\/wp-json\/wp\/v2\/pages"}],"about":[{"href":"https:\/\/alfredoferrer.com\/de\/wp-json\/wp\/v2\/types\/page"}],"author":[{"embeddable":true,"href":"https:\/\/alfredoferrer.com\/de\/wp-json\/wp\/v2\/users\/1"}],"replies":[{"embeddable":true,"href":"https:\/\/alfredoferrer.com\/de\/wp-json\/wp\/v2\/comments?post=16951"}],"version-history":[{"count":0,"href":"https:\/\/alfredoferrer.com\/de\/wp-json\/wp\/v2\/pages\/16951\/revisions"}],"wp:featuredmedia":[{"embeddable":true,"href":"https:\/\/alfredoferrer.com\/de\/wp-json\/wp\/v2\/media\/16157"}],"wp:attachment":[{"href":"https:\/\/alfredoferrer.com\/de\/wp-json\/wp\/v2\/media?parent=16951"}],"curies":[{"name":"wp","href":"https:\/\/api.w.org\/{rel}","templated":true}]}}