{"id":16900,"date":"2019-02-21T10:24:35","date_gmt":"2019-02-21T10:24:35","guid":{"rendered":"https:\/\/web2019.alfredoferrer.com\/?page_id=16900"},"modified":"2019-04-11T10:39:43","modified_gmt":"2019-04-11T10:39:43","slug":"refraktive-chirurgie","status":"publish","type":"page","link":"https:\/\/alfredoferrer.com\/de\/refraktive-chirurgie\/","title":{"rendered":"Refraktive Laserchirurgie"},"content":{"rendered":"[vc_row type=&#8220;full_width_background&#8220; full_screen_row_position=&#8220;middle&#8220; bg_color=&#8220;#ffffff&#8220; scene_position=&#8220;center&#8220; text_color=&#8220;dark&#8220; text_align=&#8220;left&#8220; top_padding=&#8220;4%&#8220; overlay_strength=&#8220;0.3&#8243; shape_divider_position=&#8220;bottom&#8220; bg_image_animation=&#8220;none&#8220; shape_type=&#8220;&#8220;][vc_column column_padding=&#8220;no-extra-padding&#8220; column_padding_position=&#8220;all&#8220; background_color_opacity=&#8220;1&#8243; background_hover_color_opacity=&#8220;1&#8243; column_link_target=&#8220;_self&#8220; column_shadow=&#8220;none&#8220; column_border_radius=&#8220;none&#8220; width=&#8220;1\/6&#8243; tablet_width_inherit=&#8220;default&#8220; tablet_text_alignment=&#8220;default&#8220; phone_text_alignment=&#8220;default&#8220; column_border_width=&#8220;none&#8220; column_border_style=&#8220;solid&#8220; bg_image_animation=&#8220;none&#8220;][\/vc_column][vc_column centered_text=&#8220;true&#8220; column_padding=&#8220;no-extra-padding&#8220; column_padding_position=&#8220;all&#8220; background_color_opacity=&#8220;1&#8243; background_hover_color_opacity=&#8220;1&#8243; column_link_target=&#8220;_self&#8220; column_shadow=&#8220;none&#8220; column_border_radius=&#8220;none&#8220; width=&#8220;2\/3&#8243; tablet_width_inherit=&#8220;default&#8220; tablet_text_alignment=&#8220;default&#8220; phone_text_alignment=&#8220;default&#8220; column_border_width=&#8220;none&#8220; column_border_style=&#8220;solid&#8220; bg_image_animation=&#8220;none&#8220;][vc_row_inner column_margin=&#8220;default&#8220; text_align=&#8220;left&#8220; css=&#8220;.vc_custom_1548371557160{margin-bottom: 0px !important;padding-bottom: 0px !important;}&#8220;][vc_column_inner column_padding=&#8220;no-extra-padding&#8220; column_padding_position=&#8220;all&#8220; background_color_opacity=&#8220;1&#8243; background_hover_color_opacity=&#8220;1&#8243; column_shadow=&#8220;none&#8220; column_border_radius=&#8220;none&#8220; column_link_target=&#8220;_self&#8220; width=&#8220;1\/1&#8243; tablet_width_inherit=&#8220;default&#8220; column_border_width=&#8220;none&#8220; column_border_style=&#8220;solid&#8220; bg_image_animation=&#8220;none&#8220;][nectar_gradient_text heading_tag=&#8220;h2&#8243; color=&#8220;extra-color-gradient-1&#8243; gradient_direction=&#8220;horizontal&#8220; text=&#8220;Refraktive Laserchirurgie&#8220;][\/vc_column_inner][\/vc_row_inner][\/vc_column][vc_column column_padding=&#8220;no-extra-padding&#8220; column_padding_position=&#8220;all&#8220; background_color_opacity=&#8220;1&#8243; background_hover_color_opacity=&#8220;1&#8243; column_link_target=&#8220;_self&#8220; column_shadow=&#8220;none&#8220; column_border_radius=&#8220;none&#8220; width=&#8220;1\/6&#8243; tablet_width_inherit=&#8220;default&#8220; tablet_text_alignment=&#8220;default&#8220; phone_text_alignment=&#8220;default&#8220; column_border_width=&#8220;none&#8220; column_border_style=&#8220;solid&#8220; bg_image_animation=&#8220;none&#8220;][\/vc_column][\/vc_row][vc_row type=&#8220;in_container&#8220; full_screen_row_position=&#8220;middle&#8220; scene_position=&#8220;center&#8220; text_color=&#8220;dark&#8220; text_align=&#8220;left&#8220; overlay_strength=&#8220;0.3&#8243; shape_divider_position=&#8220;bottom&#8220; bg_image_animation=&#8220;none&#8220;][vc_column column_padding=&#8220;no-extra-padding&#8220; column_padding_position=&#8220;all&#8220; background_color_opacity=&#8220;1&#8243; background_hover_color_opacity=&#8220;1&#8243; column_link_target=&#8220;_self&#8220; column_shadow=&#8220;none&#8220; column_border_radius=&#8220;none&#8220; width=&#8220;1\/1&#8243; tablet_width_inherit=&#8220;default&#8220; tablet_text_alignment=&#8220;default&#8220; phone_text_alignment=&#8220;default&#8220; column_border_width=&#8220;none&#8220; column_border_style=&#8220;solid&#8220; bg_image_animation=&#8220;none&#8220;][vc_raw_js]JTNDdmFyJTIwc3R5bGUlM0QlMjJ3aWR0aCUzQTEwMCUyNSUzQiUyMHBhZGRpbmctYm90dG9tJTNBNTYuMjUlMjUlM0IlMjBkaXNwbGF5JTNBYmxvY2slM0IlMjIlMjBkYXRhLXByZXNlbnRhdGlvbiUzRCUyMjExOTlhYWVhLTQ1YmItNDU5MC00NDAwLTRlNWU0YmE2NGEzYiUyMiUzRSUzQ2ElMjBocmVmJTNEJTIyaHR0cCUzQSUyRiUyRmZ5aS5yZW5kaWEuY29tJTJGYzgwMHolMjIlMjBzdHlsZSUzRCUyMmRpc3BsYXklM0Fub25lJTIyJTNFVmlldyUyMFZpZGVvJTNDJTJGYSUzRSUzQyUyRnZhciUzRSUzQ3NjcmlwdCUyMHR5cGUlM0QlMjJ0ZXh0JTJGamF2YXNjcmlwdCUyMiUyMHNyYyUzRCUyMiUyRiUyRnJlbmRpYS5jb20lMkZ3aGl0ZWxhYmVsJTJGZW1iZWRfanMlMjIlM0UlM0MlMkZzY3JpcHQlM0U=[\/vc_raw_js][\/vc_column][\/vc_row][vc_row type=&#8220;full_width_background&#8220; full_screen_row_position=&#8220;middle&#8220; bg_color=&#8220;#ffffff&#8220; scene_position=&#8220;center&#8220; text_color=&#8220;dark&#8220; text_align=&#8220;left&#8220; top_padding=&#8220;2%&#8220; bottom_padding=&#8220;6%&#8220; overlay_strength=&#8220;0.3&#8243; shape_divider_position=&#8220;bottom&#8220; bg_image_animation=&#8220;none&#8220; shape_type=&#8220;&#8220;][vc_column column_padding=&#8220;no-extra-padding&#8220; column_padding_position=&#8220;all&#8220; background_color_opacity=&#8220;1&#8243; background_hover_color_opacity=&#8220;1&#8243; column_link_target=&#8220;_self&#8220; column_shadow=&#8220;none&#8220; column_border_radius=&#8220;none&#8220; width=&#8220;1\/1&#8243; tablet_width_inherit=&#8220;default&#8220; tablet_text_alignment=&#8220;default&#8220; phone_text_alignment=&#8220;default&#8220; column_border_width=&#8220;none&#8220; column_border_style=&#8220;solid&#8220; bg_image_animation=&#8220;none&#8220;][tabbed_section style=&#8220;vertical_modern&#8220; tab_color=&#8220;Accent-Color&#8220;][tab icon_family=&#8220;iconsmind&#8220; title=&#8220;Was ist es?&#8220; id=&#8220;1554979160747-3&#8243; icon_iconsmind=&#8220;iconsmind-Livejournal&#8220; tab_id=&#8220;1554979160749-5&#8243;][vc_row_inner column_margin=&#8220;default&#8220; text_align=&#8220;left&#8220;][vc_column_inner column_padding=&#8220;padding-3-percent&#8220; column_padding_position=&#8220;top-bottom&#8220; background_color_opacity=&#8220;1&#8243; background_hover_color_opacity=&#8220;1&#8243; column_shadow=&#8220;none&#8220; column_border_radius=&#8220;none&#8220; column_link_target=&#8220;_self&#8220; width=&#8220;1\/1&#8243; tablet_width_inherit=&#8220;default&#8220; column_border_width=&#8220;none&#8220; column_border_style=&#8220;solid&#8220; bg_image_animation=&#8220;none&#8220; enable_animation=&#8220;true&#8220; animation=&#8220;fade-in-from-bottom&#8220;][divider line_type=&#8220;No Line&#8220; custom_height=&#8220;40&#8243;][vc_column_text]\n<p style=\"text-align: justify;\">Bei der refraktiven Chirurgie handelt es sich um diejenigen operativen Eingriffe am Auge, die als Ziel die Korrektur optischer Defekte, n\u00e4mlich Kurz- oder Weitsichtigkeit, Astigmatismus (Hornhautverkr\u00fcmmung) und Altersweitsichtigkeit haben.<\/p>\n[\/vc_column_text][\/vc_column_inner][\/vc_row_inner][divider line_type=&#8220;No Line&#8220; custom_height=&#8220;40&#8243;][\/tab][tab icon_family=&#8220;iconsmind&#8220; title=&#8220;Warum ist es wichtig?&#8220; id=&#8220;1554979160900-6&#8243; icon_iconsmind=&#8220;iconsmind-Idea-4&#8243; tab_id=&#8220;1554979160901-9&#8243;][vc_row_inner column_margin=&#8220;default&#8220; text_align=&#8220;left&#8220;][vc_column_inner column_padding=&#8220;padding-3-percent&#8220; column_padding_position=&#8220;top-bottom&#8220; background_color_opacity=&#8220;1&#8243; background_hover_color_opacity=&#8220;1&#8243; column_shadow=&#8220;none&#8220; column_border_radius=&#8220;none&#8220; column_link_target=&#8220;_self&#8220; width=&#8220;1\/1&#8243; tablet_width_inherit=&#8220;default&#8220; column_border_width=&#8220;none&#8220; column_border_style=&#8220;solid&#8220; bg_image_animation=&#8220;none&#8220; enable_animation=&#8220;true&#8220; animation=&#8220;fade-in-from-bottom&#8220;][vc_column_text css=&#8220;.vc_custom_1550744430982{padding-right: 10% !important;}&#8220;]\n<p style=\"text-align: justify;\">Klassischerweise konnten optische Defekte am Auge entweder mit einer Brille oder mit Kontaktlinsen korrigiert werden. Damit wurden betroffene Menschen abh\u00e4ngig von den genannten optischen Hilfen, um gut zu sehen.<\/p>\n<p style=\"text-align: justify;\">Mit der refraktiven Chirurgie ist man in der Lage eine operative, und damit auch meistens permanente Korrektur zu erreichen, damit der Patient weitgehend unabh\u00e4ngig von \u00e4u\u00dferen optischen Hilfsmitteln leben kann.<\/p>\n[\/vc_column_text][\/vc_column_inner][\/vc_row_inner][\/tab][tab icon_family=&#8220;iconsmind&#8220; title=&#8220;Laserverfahren&#8220; id=&#8220;1554979160969-2&#8243; icon_iconsmind=&#8220;iconsmind-Stethoscope&#8220; tab_id=&#8220;1554979160971-1&#8243;][vc_row_inner column_margin=&#8220;default&#8220; text_align=&#8220;left&#8220;][vc_column_inner column_padding=&#8220;padding-3-percent&#8220; column_padding_position=&#8220;top-bottom&#8220; background_color_opacity=&#8220;1&#8243; background_hover_color_opacity=&#8220;1&#8243; column_shadow=&#8220;none&#8220; column_border_radius=&#8220;none&#8220; column_link_target=&#8220;_self&#8220; width=&#8220;1\/1&#8243; tablet_width_inherit=&#8220;default&#8220; column_border_width=&#8220;none&#8220; column_border_style=&#8220;solid&#8220; bg_image_animation=&#8220;none&#8220; enable_animation=&#8220;true&#8220; animation=&#8220;fade-in-from-bottom&#8220;][vc_column_text css=&#8220;.vc_custom_1550744473419{padding-right: 10% !important;}&#8220;]\n<p style=\"text-align: justify;\">Bei Laserverfahren erfolgt eine Gewebeabtragung im Bereich der Hornhaut, so dass die Brechkraft\u00e4nderung der Hornhaut durch \u00c4nderung ihrer Kr\u00fcmmung erfolgt.<\/p>\n<p style=\"text-align: justify;\">Der Gewebeabtrag zur \u00c4nderung der Hornhautkr\u00fcmmung mittels Laser kann auf zwei Wegen erfolgen:<\/p>\n<ul style=\"text-align: justify;\">\n<li><strong>Excimerlaser \/ LASIK\u00a0<\/strong>und<strong>\u00a0PRK<\/strong>:\u00a0Bei dieser Methode wird das abzutragende Gewebe mithilfe eines Ultraviolettlasers verdampft, der als\u00a0<a href=\"http:\/\/de.wikipedia.org\/wiki\/Laserablation\">Photoablation<\/a>\u00a0bekannt ist.<\/li>\n<li>Ein weiteres Laserverfahren zur Entfernung des Hornhautgewebes benutzt einen\u00a0<strong><a href=\"http:\/\/de.wikipedia.org\/wiki\/Femtosekundenlaser\">Femtosekundenlaser<\/a><\/strong>, also einen Laser mit ultrakurzen Lichtpulsen.\u00a0Bei diesem, Verfahren wird das Gewebe nicht verdampft, sondern eine sehr d\u00fcnne Schicht Hornhautgewebes (\u201eLentikel\u201c genannt) sehr schonend herausgeschnitten.<\/li>\n<\/ul>\n<p style=\"text-align: justify;\"><strong>Vorteile<\/strong>\u00a0der Laserverfahren:<\/p>\n<ul style=\"text-align: justify;\">\n<li>Schnelle Durchf\u00fchrung und Rehabilitation<\/li>\n<li>Wenig invasiv<\/li>\n<li>Beide Augen k\u00f6nnen in der gleichen Sitzung behandelt werden<\/li>\n<\/ul>\n<p style=\"text-align: justify;\"><b>Nachteile\u00a0<\/b>der Laserverfahren:<\/p>\n<ul>\n<li style=\"text-align: justify;\">Nicht jeder Patient ist dazu geeignet<\/li>\n<li style=\"text-align: justify;\">Irreversibel<\/li>\n<li style=\"text-align: justify;\">Beugen die Entstehung eines Grauen Stars nicht vor<\/li>\n<li style=\"text-align: justify;\">Solange wirksam, bis eine Linsentr\u00fcbung (Grauer Star) entsteht<\/li>\n<\/ul>\n<p><strong>Mehr Infos unter:<\/strong><\/p>\n<p><a href=\"http:\/\/www.zeiss.de\/meditec\/de_de\/produkte-loesungen\/ophthalmologie\/cornea-refraktiv\/laserbehandlung\/femtosekunden-lasersysteme\/relex.html#produktinformation\">http:\/\/www.zeiss.de\/meditec\/de_de\/produkte-loesungen\/ophthalmologie\/cornea-refraktiv\/laserbehandlung\/femtosekunden-lasersysteme\/relex.html#produktinformation<\/a><\/p>\n<p><a href=\"http:\/\/www.zeiss.de\/meditec\/de_de\/produkte-loesungen\/ophthalmologie\/cornea-refraktiv\/laserbehandlung\/femtosekunden-lasersysteme\/relex.html#mediathek\">http:\/\/www.zeiss.de\/meditec\/de_de\/produkte-loesungen\/ophthalmologie\/cornea-refraktiv\/laserbehandlung\/femtosekunden-lasersysteme\/relex.html#mediathek<\/a>[\/vc_column_text][\/vc_column_inner][\/vc_row_inner][\/tab][tab icon_family=&#8220;iconsmind&#8220; title=&#8220;Linsenimplantate&#8220; id=&#8220;1554979161066-4&#8243; icon_iconsmind=&#8220;iconsmind-Eye-Blind&#8220; tab_id=&#8220;1554979161070-8&#8243;][vc_row_inner column_margin=&#8220;default&#8220; text_align=&#8220;left&#8220;][vc_column_inner column_padding=&#8220;padding-3-percent&#8220; column_padding_position=&#8220;top-bottom&#8220; background_color_opacity=&#8220;1&#8243; background_hover_color_opacity=&#8220;1&#8243; column_shadow=&#8220;none&#8220; column_border_radius=&#8220;none&#8220; column_link_target=&#8220;_self&#8220; width=&#8220;1\/1&#8243; tablet_width_inherit=&#8220;default&#8220; column_border_width=&#8220;none&#8220; column_border_style=&#8220;solid&#8220; bg_image_animation=&#8220;none&#8220; enable_animation=&#8220;true&#8220; animation=&#8220;fade-in-from-bottom&#8220;][vc_column_text css=&#8220;.vc_custom_1550744533799{padding-right: 10% !important;}&#8220;]\n<p style=\"text-align: justify;\">Bei den Implantaten handelt es sich um Kunstlinsen aus hochwertigen biokompatiblen Materialien (meist Acryl oder Silikon), die in das Auge eingesetzt werden k\u00f6nnen, um die Gesamtbrechkraft zu \u00e4ndern.<\/p>\n<p style=\"text-align: justify;\">Wir\u00a0 unterscheiden zwischen zwei wesentlichen Verfahren :<\/p>\n<p style=\"text-align: justify;\">1. Erg\u00e4nzung der nat\u00fcrlichen Linse durch eine zus\u00e4tzliche Kunstlinse. Diese kann<\/p>\n<ul style=\"text-align: justify;\">\n<li>in der Augenvorderkammer (zwischen Hornhaut und Iris)<\/li>\n<li>in der Augenhinterkammer (zwischen Iris und Linse) eingesetzt werden.<\/li>\n<\/ul>\n<p style=\"text-align: justify;\"><a href=\"http:\/\/visianinfo.eu\/de-de?set_language=de-de&amp;cl=de-de\">http:\/\/visianinfo.eu\/de-de?set_language=de-de&amp;cl=de-de<\/a><\/p>\n<p style=\"text-align: justify;\">2. Ersatz der k\u00f6rpereigenen Linse durch eine multifokale Kunstlinse<\/p>\n<ul style=\"text-align: justify;\">\n<li>bei einer nat\u00fcrlichen tr\u00fcben Linse: Operation des grauen Stars<\/li>\n<li>bei einer klaren nat\u00fcrlichen Linse: refraktiver Linsenaustausch (auch PreLEX- Presbyopic Lens Exchange)<\/li>\n<\/ul>\n<p style=\"text-align: justify;\">Der Ersatz der k\u00f6rpereigenen Linse durch eine\u00a0<strong>Kunstlinse<\/strong>\u00a0bietet besondere\u00a0<strong>Vorteile<\/strong>\u00a0f\u00fcr:<\/p>\n<ul style=\"text-align: justify;\">\n<li>Patienten \u00fcber 50<\/li>\n<li>Patienten mit beginnender Linsentr\u00fcbung (beginnendem Grauen Star)<\/li>\n<li>Patienten mit hohem Ausma\u00df an Kurz- oder Weitsichtigkeit, und Hornhautverkr\u00fcmmung<\/li>\n<li>Patienten, f\u00fcr die Laserverfahren ungeeignet sind<\/li>\n<\/ul>\n<p style=\"text-align: justify;\"><strong>Vorteile<\/strong>\u00a0der\u00a0<strong>multifokalen Linsen<\/strong>:<\/p>\n<ul style=\"text-align: justify;\">\n<li>Als Verfahren, praktisch immer durchf\u00fchrbar<\/li>\n<li>Unbegrenzte Haltbarkeit der Linsenmaterialien im Auge<\/li>\n<li>Un\u00fcbertroffene Lesef\u00e4higkeit<\/li>\n<li>Danach entsteht kein Grauer Star mehr<\/li>\n<li>Teilweise reversibel<\/li>\n<\/ul>\n<p style=\"text-align: justify;\"><strong>Nachteile<\/strong>\u00a0der<strong>\u00a0multifokalen Linsen<\/strong>:<\/p>\n<ul>\n<li style=\"text-align: justify;\">Invasives Verfahren, daher wird derzeit nur ein Auge pro Sitzung behandelt, das zweit folgt wenige Tage sp\u00e4ter.<\/li>\n<li style=\"text-align: justify;\">Kostenintensiver, als die Laserverfahren<\/li>\n<li style=\"text-align: justify;\">Manchmal sind optische Nebenwirkungen vorhanden, wie die Wahrnehmung von Halos (Lichtkr\u00e4nze um Lichtquellen in der Nacht), die in der fr\u00fchen postoperativen Phase wahrgenommen werden k\u00f6nnen.<\/li>\n<\/ul>\n[\/vc_column_text][\/vc_column_inner][\/vc_row_inner][\/tab][\/tabbed_section][\/vc_column][\/vc_row][vc_row type=&#8220;full_width_background&#8220; full_screen_row_position=&#8220;middle&#8220; bg_color=&#8220;#f2f2f2&#8243; scene_position=&#8220;center&#8220; text_color=&#8220;dark&#8220; text_align=&#8220;left&#8220; top_padding=&#8220;8%&#8220; overlay_strength=&#8220;0.8&#8243; enable_shape_divider=&#8220;true&#8220; shape_divider_position=&#8220;top&#8220; shape_divider_height=&#8220;200&#8243; bg_image_animation=&#8220;none&#8220; shape_type=&#8220;curve_opacity&#8220;][vc_column column_padding=&#8220;no-extra-padding&#8220; column_padding_position=&#8220;all&#8220; background_color_opacity=&#8220;1&#8243; background_hover_color_opacity=&#8220;1&#8243; font_color=&#8220;#ffffff&#8220; column_link_target=&#8220;_self&#8220; column_shadow=&#8220;none&#8220; column_border_radius=&#8220;none&#8220; width=&#8220;1\/4&#8243; tablet_width_inherit=&#8220;default&#8220; tablet_text_alignment=&#8220;default&#8220; phone_text_alignment=&#8220;default&#8220; column_border_width=&#8220;none&#8220; column_border_style=&#8220;solid&#8220; bg_image_animation=&#8220;none&#8220; translate_y=&#8220;-50%&#8220;][\/vc_column][vc_column column_padding=&#8220;no-extra-padding&#8220; column_padding_position=&#8220;all&#8220; background_color_opacity=&#8220;1&#8243; background_hover_color_opacity=&#8220;1&#8243; column_link_target=&#8220;_self&#8220; column_shadow=&#8220;none&#8220; column_border_radius=&#8220;none&#8220; width=&#8220;1\/2&#8243; tablet_width_inherit=&#8220;default&#8220; tablet_text_alignment=&#8220;default&#8220; phone_text_alignment=&#8220;default&#8220; column_border_width=&#8220;none&#8220; column_border_style=&#8220;solid&#8220; bg_image_animation=&#8220;none&#8220;][vc_row_inner column_margin=&#8220;default&#8220; bottom_padding=&#8220;2%&#8220; translate_y=&#8220;-50%&#8220; text_align=&#8220;left&#8220; css=&#8220;.vc_custom_1549969304165{margin-bottom: 0px !important;}&#8220;][vc_column_inner column_padding=&#8220;padding-5-percent&#8220; column_padding_position=&#8220;all&#8220; centered_text=&#8220;true&#8220; background_color=&#8220;#ffffff&#8220; background_color_opacity=&#8220;1&#8243; background_color_hover=&#8220;#f9f9f9&#8243; background_hover_color_opacity=&#8220;1&#8243; font_color=&#8220;#141e8c&#8220; column_shadow=&#8220;x_large_depth&#8220; column_border_radius=&#8220;20px&#8220; column_link_target=&#8220;_self&#8220; width=&#8220;1\/1&#8243; tablet_width_inherit=&#8220;default&#8220; column_border_width=&#8220;2px&#8220; column_border_color=&#8220;#141e8c&#8220; column_border_style=&#8220;solid&#8220; enable_border_animation=&#8220;true&#8220; bg_image_animation=&#8220;none&#8220; enable_animation=&#8220;true&#8220; animation=&#8220;flip-in-vertical&#8220; border_animation_delay=&#8220;400&#8243;][divider line_type=&#8220;No Line&#8220; custom_height=&#8220;15&#8243;][vc_custom_heading text=&#8220;Termin vereinbaren&#8220; font_container=&#8220;tag:h3|text_align:center&#8220; use_theme_fonts=&#8220;yes&#8220; link=&#8220;url:%2Fde%2Ftermine|||&#8220;][vc_custom_heading text=&#8220;Denia &#8211; Moraira&#8220; font_container=&#8220;tag:h4|text_align:center&#8220; use_theme_fonts=&#8220;yes&#8220; link=&#8220;url:%2Fde%2Ftermine|||&#8220; css=&#8220;.vc_custom_1550741232094{padding-top: 5px !important;}&#8220;][vc_custom_heading text=&#8220;Telefon Nr. (+34) 96 642 6226&#8243; font_container=&#8220;tag:h4|text_align:center&#8220; use_theme_fonts=&#8220;yes&#8220; link=&#8220;url:%2Fde%2Ftermine|||&#8220; css=&#8220;.vc_custom_1550741250629{padding-top: 5px !important;}&#8220;][nectar_btn size=&#8220;large&#8220; button_style=&#8220;see-through-2&#8243; color_override=&#8220;#141e8c&#8220; hover_color_override=&#8220;#ffffff&#8220; hover_text_color_override=&#8220;#000000&#8243; icon_family=&#8220;none&#8220; url=&#8220;\/de\/termine&#8220; text=&#8220;TERMIN&#8220; margin_top=&#8220;30&#8243; margin_bottom=&#8220;1&#8243;][divider line_type=&#8220;No Line&#8220; custom_height=&#8220;15&#8243;][\/vc_column_inner][\/vc_row_inner][vc_row_inner column_margin=&#8220;default&#8220; top_padding=&#8220;0%&#8220; bottom_padding=&#8220;10%&#8220; translate_y=&#8220;-80%&#8220; text_align=&#8220;center&#8220; css=&#8220;.vc_custom_1549969419622{margin-top: 0px !important;}&#8220;][vc_column_inner column_padding=&#8220;no-extra-padding&#8220; column_padding_position=&#8220;all&#8220; background_color_opacity=&#8220;1&#8243; background_hover_color_opacity=&#8220;1&#8243; column_shadow=&#8220;none&#8220; column_border_radius=&#8220;none&#8220; top_margin=&#8220;0&#8243; column_link_target=&#8220;_self&#8220; width=&#8220;1\/1&#8243; tablet_width_inherit=&#8220;default&#8220; column_border_width=&#8220;none&#8220; column_border_style=&#8220;solid&#8220; bg_image_animation=&#8220;none&#8220;][nectar_cta btn_style=&#8220;material&#8220; heading_tag=&#8220;h4&#8243; text_color=&#8220;#141e8c&#8220; link_type=&#8220;regular&#8220; alignment=&#8220;center&#8220; link_text=&#8220;Patientenerfahrungen lesen&#8220; url=&#8220;\/de\/patientenerfahrungen&#8220;][\/vc_column_inner][\/vc_row_inner][\/vc_column][vc_column column_padding=&#8220;no-extra-padding&#8220; column_padding_position=&#8220;all&#8220; background_color_opacity=&#8220;1&#8243; background_hover_color_opacity=&#8220;1&#8243; column_link_target=&#8220;_self&#8220; column_shadow=&#8220;none&#8220; column_border_radius=&#8220;none&#8220; width=&#8220;1\/4&#8243; tablet_width_inherit=&#8220;default&#8220; tablet_text_alignment=&#8220;default&#8220; phone_text_alignment=&#8220;default&#8220; column_border_width=&#8220;none&#8220; column_border_style=&#8220;solid&#8220; bg_image_animation=&#8220;none&#8220;][\/vc_column][\/vc_row]\n","protected":false},"excerpt":{"rendered":"<p>[vc_row type=&#8220;full_width_background&#8220; full_screen_row_position=&#8220;middle&#8220; bg_color=&#8220;#ffffff&#8220; scene_position=&#8220;center&#8220; text_color=&#8220;dark&#8220; text_align=&#8220;left&#8220; top_padding=&#8220;4%&#8220; overlay_strength=&#8220;0.3&#8243; shape_divider_position=&#8220;bottom&#8220; bg_image_animation=&#8220;none&#8220; shape_type=&#8220;&#8220;][vc_column column_padding=&#8220;no-extra-padding&#8220; column_padding_position=&#8220;all&#8220; background_color_opacity=&#8220;1&#8243; background_hover_color_opacity=&#8220;1&#8243; column_link_target=&#8220;_self&#8220; column_shadow=&#8220;none&#8220; column_border_radius=&#8220;none&#8220; width=&#8220;1\/6&#8243; tablet_width_inherit=&#8220;default&#8220; tablet_text_alignment=&#8220;default&#8220; phone_text_alignment=&#8220;default&#8220; column_border_width=&#8220;none&#8220; column_border_style=&#8220;solid&#8220; bg_image_animation=&#8220;none&#8220;][\/vc_column][vc_column centered_text=&#8220;true&#8220; column_padding=&#8220;no-extra-padding&#8220; column_padding_position=&#8220;all&#8220; background_color_opacity=&#8220;1&#8243;&#8230;<\/p>\n","protected":false},"author":1,"featured_media":16157,"parent":0,"menu_order":0,"comment_status":"closed","ping_status":"closed","template":"","meta":{"footnotes":""},"aioseo_notices":[],"_links":{"self":[{"href":"https:\/\/alfredoferrer.com\/de\/wp-json\/wp\/v2\/pages\/16900"}],"collection":[{"href":"https:\/\/alfredoferrer.com\/de\/wp-json\/wp\/v2\/pages"}],"about":[{"href":"https:\/\/alfredoferrer.com\/de\/wp-json\/wp\/v2\/types\/page"}],"author":[{"embeddable":true,"href":"https:\/\/alfredoferrer.com\/de\/wp-json\/wp\/v2\/users\/1"}],"replies":[{"embeddable":true,"href":"https:\/\/alfredoferrer.com\/de\/wp-json\/wp\/v2\/comments?post=16900"}],"version-history":[{"count":0,"href":"https:\/\/alfredoferrer.com\/de\/wp-json\/wp\/v2\/pages\/16900\/revisions"}],"wp:featuredmedia":[{"embeddable":true,"href":"https:\/\/alfredoferrer.com\/de\/wp-json\/wp\/v2\/media\/16157"}],"wp:attachment":[{"href":"https:\/\/alfredoferrer.com\/de\/wp-json\/wp\/v2\/media?parent=16900"}],"curies":[{"name":"wp","href":"https:\/\/api.w.org\/{rel}","templated":true}]}}