{"id":16880,"date":"2019-02-21T09:38:02","date_gmt":"2019-02-21T09:38:02","guid":{"rendered":"https:\/\/web2019.alfredoferrer.com\/?page_id=16880"},"modified":"2019-04-11T11:14:56","modified_gmt":"2019-04-11T11:14:56","slug":"kosmetische-und-rekonstruktive-lidchirurgie-und-rekonstruktive-lidchirurgie","status":"publish","type":"page","link":"https:\/\/alfredoferrer.com\/de\/kosmetische-und-rekonstruktive-lidchirurgie-und-rekonstruktive-lidchirurgie\/","title":{"rendered":"Liderkrankungen \u2013 Lidchirurgie"},"content":{"rendered":"[vc_row type=&#8220;full_width_background&#8220; full_screen_row_position=&#8220;middle&#8220; bg_color=&#8220;#ffffff&#8220; scene_position=&#8220;center&#8220; text_color=&#8220;dark&#8220; text_align=&#8220;left&#8220; top_padding=&#8220;4%&#8220; overlay_strength=&#8220;0.3&#8243; shape_divider_position=&#8220;bottom&#8220; bg_image_animation=&#8220;none&#8220; shape_type=&#8220;&#8220;][vc_column column_padding=&#8220;no-extra-padding&#8220; column_padding_position=&#8220;all&#8220; background_color_opacity=&#8220;1&#8243; background_hover_color_opacity=&#8220;1&#8243; column_link_target=&#8220;_self&#8220; column_shadow=&#8220;none&#8220; column_border_radius=&#8220;none&#8220; width=&#8220;1\/6&#8243; tablet_width_inherit=&#8220;default&#8220; tablet_text_alignment=&#8220;default&#8220; phone_text_alignment=&#8220;default&#8220; column_border_width=&#8220;none&#8220; column_border_style=&#8220;solid&#8220; bg_image_animation=&#8220;none&#8220;][\/vc_column][vc_column centered_text=&#8220;true&#8220; column_padding=&#8220;no-extra-padding&#8220; column_padding_position=&#8220;all&#8220; background_color_opacity=&#8220;1&#8243; background_hover_color_opacity=&#8220;1&#8243; column_link_target=&#8220;_self&#8220; column_shadow=&#8220;none&#8220; column_border_radius=&#8220;none&#8220; width=&#8220;2\/3&#8243; tablet_width_inherit=&#8220;default&#8220; tablet_text_alignment=&#8220;default&#8220; phone_text_alignment=&#8220;default&#8220; column_border_width=&#8220;none&#8220; column_border_style=&#8220;solid&#8220; bg_image_animation=&#8220;none&#8220;][vc_row_inner column_margin=&#8220;default&#8220; text_align=&#8220;left&#8220; css=&#8220;.vc_custom_1548371557160{margin-bottom: 0px !important;padding-bottom: 0px !important;}&#8220;][vc_column_inner column_padding=&#8220;no-extra-padding&#8220; column_padding_position=&#8220;all&#8220; background_color_opacity=&#8220;1&#8243; background_hover_color_opacity=&#8220;1&#8243; column_shadow=&#8220;none&#8220; column_border_radius=&#8220;none&#8220; column_link_target=&#8220;_self&#8220; width=&#8220;1\/1&#8243; tablet_width_inherit=&#8220;default&#8220; column_border_width=&#8220;none&#8220; column_border_style=&#8220;solid&#8220; bg_image_animation=&#8220;none&#8220;][nectar_gradient_text heading_tag=&#8220;h2&#8243; color=&#8220;extra-color-gradient-1&#8243; gradient_direction=&#8220;horizontal&#8220; text=&#8220;Liderkrankungen<br \/>\nLidchirurgie&#8220;][\/vc_column_inner][\/vc_row_inner][\/vc_column][vc_column column_padding=&#8220;no-extra-padding&#8220; column_padding_position=&#8220;all&#8220; background_color_opacity=&#8220;1&#8243; background_hover_color_opacity=&#8220;1&#8243; column_link_target=&#8220;_self&#8220; column_shadow=&#8220;none&#8220; column_border_radius=&#8220;none&#8220; width=&#8220;1\/6&#8243; tablet_width_inherit=&#8220;default&#8220; tablet_text_alignment=&#8220;default&#8220; phone_text_alignment=&#8220;default&#8220; column_border_width=&#8220;none&#8220; column_border_style=&#8220;solid&#8220; bg_image_animation=&#8220;none&#8220;][\/vc_column][\/vc_row][vc_row type=&#8220;in_container&#8220; full_screen_row_position=&#8220;middle&#8220; scene_position=&#8220;center&#8220; text_color=&#8220;dark&#8220; text_align=&#8220;left&#8220; overlay_strength=&#8220;0.3&#8243; shape_divider_position=&#8220;bottom&#8220; bg_image_animation=&#8220;none&#8220;][vc_column column_padding=&#8220;no-extra-padding&#8220; column_padding_position=&#8220;all&#8220; background_color_opacity=&#8220;1&#8243; background_hover_color_opacity=&#8220;1&#8243; column_link_target=&#8220;_self&#8220; column_shadow=&#8220;none&#8220; column_border_radius=&#8220;none&#8220; width=&#8220;1\/1&#8243; tablet_width_inherit=&#8220;default&#8220; tablet_text_alignment=&#8220;default&#8220; phone_text_alignment=&#8220;default&#8220; column_border_width=&#8220;none&#8220; column_border_style=&#8220;solid&#8220; bg_image_animation=&#8220;none&#8220;][vc_raw_js]JTNDdmFyJTIwc3R5bGUlM0QlMjJ3aWR0aCUzQTEwMCUyNSUzQiUyMHBhZGRpbmctYm90dG9tJTNBNTYuMjUlMjUlM0IlMjBkaXNwbGF5JTNBYmxvY2slM0IlMjIlMjBkYXRhLXByZXNlbnRhdGlvbiUzRCUyMjdiYTU4ZTNhLTRhODUtNDAzMS00MTdiLTRlOGI0NjU3NGU3NSUyMiUzRSUzQ2ElMjBocmVmJTNEJTIyaHR0cCUzQSUyRiUyRmZ5aS5yZW5kaWEuY29tJTJGUmVrdWMlMjIlMjBzdHlsZSUzRCUyMmRpc3BsYXklM0Fub25lJTIyJTNFVmlldyUyMFZpZGVvJTNDJTJGYSUzRSUzQyUyRnZhciUzRSUzQ3NjcmlwdCUyMHR5cGUlM0QlMjJ0ZXh0JTJGamF2YXNjcmlwdCUyMiUyMHNyYyUzRCUyMiUyRiUyRnJlbmRpYS5jb20lMkZ3aGl0ZWxhYmVsJTJGZW1iZWRfanMlMjIlM0UlM0MlMkZzY3JpcHQlM0U=[\/vc_raw_js][\/vc_column][\/vc_row][vc_row type=&#8220;full_width_background&#8220; full_screen_row_position=&#8220;middle&#8220; bg_color=&#8220;#ffffff&#8220; scene_position=&#8220;center&#8220; text_color=&#8220;dark&#8220; text_align=&#8220;left&#8220; top_padding=&#8220;2%&#8220; bottom_padding=&#8220;6%&#8220; overlay_strength=&#8220;0.3&#8243; shape_divider_position=&#8220;bottom&#8220; bg_image_animation=&#8220;none&#8220; shape_type=&#8220;&#8220;][vc_column column_padding=&#8220;no-extra-padding&#8220; column_padding_position=&#8220;all&#8220; background_color_opacity=&#8220;1&#8243; background_hover_color_opacity=&#8220;1&#8243; column_link_target=&#8220;_self&#8220; column_shadow=&#8220;none&#8220; column_border_radius=&#8220;none&#8220; width=&#8220;1\/1&#8243; tablet_width_inherit=&#8220;default&#8220; tablet_text_alignment=&#8220;default&#8220; phone_text_alignment=&#8220;default&#8220; column_border_width=&#8220;none&#8220; column_border_style=&#8220;solid&#8220; bg_image_animation=&#8220;none&#8220;][tabbed_section style=&#8220;vertical_modern&#8220; tab_color=&#8220;Accent-Color&#8220;][tab icon_family=&#8220;iconsmind&#8220; title=&#8220;Was ist es?&#8220; id=&#8220;1554981116211-8&#8243; icon_iconsmind=&#8220;iconsmind-Livejournal&#8220; tab_id=&#8220;1554981116213-3&#8243;][vc_row_inner column_margin=&#8220;default&#8220; text_align=&#8220;left&#8220;][vc_column_inner column_padding=&#8220;padding-3-percent&#8220; column_padding_position=&#8220;top-bottom&#8220; background_color_opacity=&#8220;1&#8243; background_hover_color_opacity=&#8220;1&#8243; column_shadow=&#8220;none&#8220; column_border_radius=&#8220;none&#8220; column_link_target=&#8220;_self&#8220; width=&#8220;1\/1&#8243; tablet_width_inherit=&#8220;default&#8220; column_border_width=&#8220;none&#8220; column_border_style=&#8220;solid&#8220; bg_image_animation=&#8220;none&#8220; enable_animation=&#8220;true&#8220; animation=&#8220;fade-in-from-bottom&#8220;][vc_column_text]\n<h4>Was versteht sich unter Lidchirurgie?<\/h4>\n<p>Die Lidchirurgie umfasst operative Massnahmen zur Behandlung von Behandlung von h\u00e4ufigen Lidproblemen wie:<\/p>\n<ul>\n<li>Tumoren und Geschw\u00fclsten im und um den Bereich der Augenlider<\/li>\n<li>Der Dermatochalasis oder Haut\u00fcberschu\u00df der Oberlider (Schlupflider)<\/li>\n<li>Der inferioren Dermatochalasis (Tr\u00e4nens\u00e4cke)<\/li>\n<li>Dem Fettvorfall der Ober- und Unterlider<\/li>\n<li>Xantelasmen (Cholesteringeschw\u00fclste) und Papillomen (Lidwarzen)<\/li>\n<li>Des Ektropions (Ausw\u00e4rtsdrehung des Unterlids)<\/li>\n<li>Des Entropions (Einw\u00e4rtsdrehung des Unterlids)<\/li>\n<li>Von Fehlstellungen der Lidwimpern (Trichiasis)<\/li>\n<li>Von Lidmuskelkr\u00e4mpfen: mit Botulinumtoxin (Botox\u00ae)<\/li>\n<li>Entstellungen und Lidfehlstellungen nach Unfall und Trauma<\/li>\n<\/ul>\n[\/vc_column_text][\/vc_column_inner][\/vc_row_inner][divider line_type=&#8220;No Line&#8220; custom_height=&#8220;40&#8243;][\/tab][tab icon_family=&#8220;iconsmind&#8220; title=&#8220;Warum ist es wichtig?&#8220; id=&#8220;1554981116314-8&#8243; icon_iconsmind=&#8220;iconsmind-Idea-4&#8243; tab_id=&#8220;1554981116315-5&#8243;][vc_row_inner column_margin=&#8220;default&#8220; text_align=&#8220;left&#8220;][vc_column_inner column_padding=&#8220;padding-3-percent&#8220; column_padding_position=&#8220;top-bottom&#8220; background_color_opacity=&#8220;1&#8243; background_hover_color_opacity=&#8220;1&#8243; column_shadow=&#8220;none&#8220; column_border_radius=&#8220;none&#8220; column_link_target=&#8220;_self&#8220; width=&#8220;1\/1&#8243; tablet_width_inherit=&#8220;default&#8220; column_border_width=&#8220;none&#8220; column_border_style=&#8220;solid&#8220; bg_image_animation=&#8220;none&#8220; enable_animation=&#8220;true&#8220; animation=&#8220;fade-in-from-bottom&#8220;][vc_column_text css=&#8220;.vc_custom_1550741424660{padding-right: 10% !important;}&#8220;]\n<p style=\"text-align: justify;\">Die Augenpartie ist die auff\u00e4lligste Region unseres Gesichts und tr\u00e4gt zum Gesamtausdruck unserer Pers\u00f6nlichkeit und zur non-verbalen Kommunikation entscheidend bei. Jegliche Ver\u00e4nderungen in diesem Bereich haben besonders negative Auswirkungen im \u00e4sthetischen und funktionellen Aspekt des Gesichts.<\/p>\n<p style=\"text-align: justify;\">Die hohe Lebenserwartung heutzutage und die vermehrte Aussetzung an das Sonnenlicht beg\u00fcnstigt die Hautalterung und die Entstehung von potentiell b\u00f6sartigen Hautver\u00e4nderungen, besonders im Gesichtsbereich.<\/p>\n<p style=\"text-align: justify;\">Moderne minimalinvasive Behandlungstechniken, oft mit Laser, sind hocheffektiv und schmerzfrei.<\/p>\n[\/vc_column_text][\/vc_column_inner][\/vc_row_inner][\/tab][tab icon_family=&#8220;iconsmind&#8220; title=&#8220;Warum ein Augenspezialist?&#8220; id=&#8220;1554981116380-2&#8243; icon_iconsmind=&#8220;iconsmind-Eyebrow-2&#8243; tab_id=&#8220;1554981116381-10&#8243;][vc_row_inner column_margin=&#8220;default&#8220; text_align=&#8220;left&#8220;][vc_column_inner column_padding=&#8220;padding-3-percent&#8220; column_padding_position=&#8220;top-bottom&#8220; background_color_opacity=&#8220;1&#8243; background_hover_color_opacity=&#8220;1&#8243; column_shadow=&#8220;none&#8220; column_border_radius=&#8220;none&#8220; column_link_target=&#8220;_self&#8220; width=&#8220;1\/1&#8243; tablet_width_inherit=&#8220;default&#8220; column_border_width=&#8220;none&#8220; column_border_style=&#8220;solid&#8220; bg_image_animation=&#8220;none&#8220; enable_animation=&#8220;true&#8220; animation=&#8220;fade-in-from-bottom&#8220;][vc_column_text css=&#8220;.vc_custom_1550741451362{padding-right: 10% !important;}&#8220;]\n<section class=\"row\">\n<div class=\"spb_content_element col-sm-12 column_container\">\n<div class=\"spb_wrapper\">\n<section class=\"row\">\n<div class=\"spb_content_element col-sm-8 spb_text_column\">\n<div class=\"spb_wrapper clearfix\">\n<p style=\"text-align: justify;\">Weil die Lidpartie extrem empfindlich ist, so dass die besondere Kenntnis und Erfahrung im Augenbereich zur besonders schonenden Behandlung mit einem Minimum an Komplikationen ausschlaggebend ist.<\/p>\n<\/div>\n<\/div>\n<\/section>\n<\/div>\n<\/div>\n<\/section>\n<section class=\"row\">\n<div class=\"spb_content_element col-sm-12 column_container\">\n<div class=\"spb_wrapper\">\n<section class=\"row\">\n<div class=\"spb_content_element col-sm-4 spb_box_text coloured\">\n<div class=\"spb_wrapper\">\n<div class=\"box-content-wrap\"><\/div>\n<\/div>\n<\/div>\n<\/section>\n<\/div>\n<\/div>\n<\/section>\n[\/vc_column_text][\/vc_column_inner][\/vc_row_inner][\/tab][tab icon_family=&#8220;iconsmind&#8220; title=&#8220;Brosch\u00fcre&#8220; id=&#8220;1554981116438-10&#8243; tab_id=&#8220;1554981116439-6&#8243; icon_iconsmind=&#8220;iconsmind-Books-2&#8243;][vc_row_inner column_margin=&#8220;default&#8220; top_padding=&#8220;4%&#8220; text_align=&#8220;left&#8220;][vc_column_inner column_padding=&#8220;no-extra-padding&#8220; column_padding_position=&#8220;all&#8220; background_color_opacity=&#8220;1&#8243; background_hover_color_opacity=&#8220;1&#8243; column_shadow=&#8220;none&#8220; column_border_radius=&#8220;none&#8220; column_link_target=&#8220;_self&#8220; width=&#8220;1\/1&#8243; tablet_width_inherit=&#8220;default&#8220; column_border_width=&#8220;none&#8220; column_border_style=&#8220;solid&#8220; bg_image_animation=&#8220;none&#8220;][vc_column_text css_animation=&#8220;none&#8220; css=&#8220;.vc_custom_1550741528000{margin-bottom: 15px !important;}&#8220;]\n<h4>Unterlid Chirurgie<\/h4>\n[\/vc_column_text][nectar_cta btn_style=&#8220;material&#8220; heading_tag=&#8220;h4&#8243; text_color=&#8220;#141e8c&#8220; link_type=&#8220;new_tab&#8220; alignment=&#8220;left&#8220; link_text=&#8220;Brosch\u00fcre herunterladen&#8220; url=&#8220;\/wp-content\/uploads\/2014\/04\/Eyelid-Surgery-Lower.pdf&#8220;][divider line_type=&#8220;Small Line&#8220; line_alignment=&#8220;default&#8220; line_thickness=&#8220;1&#8243; divider_color=&#8220;accent-color&#8220; custom_height=&#8220;50&#8243;][divider line_type=&#8220;No Line&#8220; custom_height=&#8220;40&#8243;][vc_column_text css_animation=&#8220;none&#8220; css=&#8220;.vc_custom_1550741561218{margin-bottom: 15px !important;}&#8220;]\n<h4>Oberlid Chirurgie<\/h4>\n[\/vc_column_text][nectar_cta btn_style=&#8220;material&#8220; heading_tag=&#8220;h4&#8243; text_color=&#8220;#141e8c&#8220; link_type=&#8220;new_tab&#8220; alignment=&#8220;left&#8220; link_text=&#8220;Brosch\u00fcre herunterladen&#8220; url=&#8220;\/wp-content\/uploads\/2014\/04\/Eyelid-Surgery-Upper.pdf&#8220;][divider line_type=&#8220;Small Line&#8220; line_alignment=&#8220;default&#8220; line_thickness=&#8220;1&#8243; divider_color=&#8220;accent-color&#8220; custom_height=&#8220;50&#8243;][divider line_type=&#8220;No Line&#8220; custom_height=&#8220;40&#8243;][vc_column_text css_animation=&#8220;none&#8220; css=&#8220;.vc_custom_1550741589284{margin-bottom: 15px !important;}&#8220;]\n<h4>Facelift Mini<\/h4>\n[\/vc_column_text][nectar_cta btn_style=&#8220;material&#8220; heading_tag=&#8220;h4&#8243; text_color=&#8220;#141e8c&#8220; link_type=&#8220;new_tab&#8220; alignment=&#8220;left&#8220; link_text=&#8220;Brosch\u00fcre herunterladen&#8220; url=&#8220;\/wp-content\/uploads\/2014\/04\/Facelift-Mini.pdf&#8220;][divider line_type=&#8220;Small Line&#8220; line_alignment=&#8220;default&#8220; line_thickness=&#8220;1&#8243; divider_color=&#8220;accent-color&#8220; custom_height=&#8220;50&#8243;][divider line_type=&#8220;No Line&#8220; custom_height=&#8220;40&#8243;][vc_column_text css_animation=&#8220;none&#8220; css=&#8220;.vc_custom_1550741681646{margin-bottom: 15px !important;}&#8220;]\n<h4>Botoxbehandlung<\/h4>\n[\/vc_column_text][nectar_cta btn_style=&#8220;material&#8220; heading_tag=&#8220;h4&#8243; text_color=&#8220;#141e8c&#8220; link_type=&#8220;new_tab&#8220; alignment=&#8220;left&#8220; link_text=&#8220;Brosch\u00fcre herunterladen&#8220; url=&#8220;\/wp-content\/uploads\/2014\/04\/Eyelid-Surgery-Lower.pdf&#8220;][divider line_type=&#8220;Small Line&#8220; line_alignment=&#8220;default&#8220; line_thickness=&#8220;1&#8243; divider_color=&#8220;accent-color&#8220; custom_height=&#8220;50&#8243;][divider line_type=&#8220;No Line&#8220; custom_height=&#8220;40&#8243;][vc_column_text css_animation=&#8220;none&#8220; css=&#8220;.vc_custom_1550741695980{margin-bottom: 15px !important;}&#8220;]\n<h4>Hyalurons\u00e4urebehandlung<\/h4>\n[\/vc_column_text][nectar_cta btn_style=&#8220;material&#8220; heading_tag=&#8220;h4&#8243; text_color=&#8220;#141e8c&#8220; link_type=&#8220;new_tab&#8220; alignment=&#8220;left&#8220; link_text=&#8220;Brosch\u00fcre herunterladen&#8220; url=&#8220;\/wp-content\/uploads\/2014\/04\/Hyaluronic-Acid.pdf&#8220;][divider line_type=&#8220;Small Line&#8220; line_alignment=&#8220;default&#8220; line_thickness=&#8220;1&#8243; divider_color=&#8220;accent-color&#8220; custom_height=&#8220;50&#8243;][divider line_type=&#8220;No Line&#8220; custom_height=&#8220;40&#8243;][vc_column_text css_animation=&#8220;none&#8220; css=&#8220;.vc_custom_1550741704884{margin-bottom: 15px !important;}&#8220;]\n<h4>Kollagenbehandlung<\/h4>\n[\/vc_column_text][nectar_cta btn_style=&#8220;material&#8220; heading_tag=&#8220;h4&#8243; text_color=&#8220;#141e8c&#8220; link_type=&#8220;new_tab&#8220; alignment=&#8220;left&#8220; link_text=&#8220;Descargar folleto (ingl\u00e9s)&#8220; url=&#8220;\/wp-content\/uploads\/2014\/04\/Collagen.pdf&#8220;][\/vc_column_inner][\/vc_row_inner][divider line_type=&#8220;No Line&#8220; custom_height=&#8220;50&#8243;][\/tab][\/tabbed_section][\/vc_column][\/vc_row][vc_row type=&#8220;full_width_background&#8220; full_screen_row_position=&#8220;middle&#8220; bg_color=&#8220;#f2f2f2&#8243; scene_position=&#8220;center&#8220; text_color=&#8220;dark&#8220; text_align=&#8220;left&#8220; top_padding=&#8220;8%&#8220; overlay_strength=&#8220;0.8&#8243; enable_shape_divider=&#8220;true&#8220; shape_divider_position=&#8220;top&#8220; shape_divider_height=&#8220;200&#8243; bg_image_animation=&#8220;none&#8220; shape_type=&#8220;curve_opacity&#8220;][vc_column column_padding=&#8220;no-extra-padding&#8220; column_padding_position=&#8220;all&#8220; background_color_opacity=&#8220;1&#8243; background_hover_color_opacity=&#8220;1&#8243; font_color=&#8220;#ffffff&#8220; column_link_target=&#8220;_self&#8220; column_shadow=&#8220;none&#8220; column_border_radius=&#8220;none&#8220; width=&#8220;1\/4&#8243; tablet_width_inherit=&#8220;default&#8220; tablet_text_alignment=&#8220;default&#8220; phone_text_alignment=&#8220;default&#8220; column_border_width=&#8220;none&#8220; column_border_style=&#8220;solid&#8220; bg_image_animation=&#8220;none&#8220; translate_y=&#8220;-50%&#8220;][\/vc_column][vc_column column_padding=&#8220;no-extra-padding&#8220; column_padding_position=&#8220;all&#8220; background_color_opacity=&#8220;1&#8243; background_hover_color_opacity=&#8220;1&#8243; column_link_target=&#8220;_self&#8220; column_shadow=&#8220;none&#8220; column_border_radius=&#8220;none&#8220; width=&#8220;1\/2&#8243; tablet_width_inherit=&#8220;default&#8220; tablet_text_alignment=&#8220;default&#8220; phone_text_alignment=&#8220;default&#8220; column_border_width=&#8220;none&#8220; column_border_style=&#8220;solid&#8220; bg_image_animation=&#8220;none&#8220;][vc_row_inner column_margin=&#8220;default&#8220; bottom_padding=&#8220;2%&#8220; translate_y=&#8220;-50%&#8220; text_align=&#8220;left&#8220; css=&#8220;.vc_custom_1549969304165{margin-bottom: 0px !important;}&#8220;][vc_column_inner column_padding=&#8220;padding-5-percent&#8220; column_padding_position=&#8220;all&#8220; centered_text=&#8220;true&#8220; background_color=&#8220;#ffffff&#8220; background_color_opacity=&#8220;1&#8243; background_color_hover=&#8220;#f9f9f9&#8243; background_hover_color_opacity=&#8220;1&#8243; font_color=&#8220;#141e8c&#8220; column_shadow=&#8220;x_large_depth&#8220; column_border_radius=&#8220;20px&#8220; column_link_target=&#8220;_self&#8220; width=&#8220;1\/1&#8243; tablet_width_inherit=&#8220;default&#8220; column_border_width=&#8220;2px&#8220; column_border_color=&#8220;#141e8c&#8220; column_border_style=&#8220;solid&#8220; enable_border_animation=&#8220;true&#8220; bg_image_animation=&#8220;none&#8220; enable_animation=&#8220;true&#8220; animation=&#8220;flip-in-vertical&#8220; border_animation_delay=&#8220;400&#8243;][divider line_type=&#8220;No Line&#8220; custom_height=&#8220;15&#8243;][vc_custom_heading text=&#8220;Termin vereinbaren&#8220; font_container=&#8220;tag:h3|text_align:center&#8220; use_theme_fonts=&#8220;yes&#8220; link=&#8220;url:%2Fde%2Ftermine|||&#8220;][vc_custom_heading text=&#8220;Denia &#8211; Moraira&#8220; font_container=&#8220;tag:h4|text_align:center&#8220; use_theme_fonts=&#8220;yes&#8220; link=&#8220;url:%2Fde%2Ftermine|||&#8220; css=&#8220;.vc_custom_1550741232094{padding-top: 5px !important;}&#8220;][vc_custom_heading text=&#8220;Telefon Nr. (+34) 96 642 6226&#8243; font_container=&#8220;tag:h4|text_align:center&#8220; use_theme_fonts=&#8220;yes&#8220; link=&#8220;url:%2Fde%2Ftermine|||&#8220; css=&#8220;.vc_custom_1550741250629{padding-top: 5px !important;}&#8220;][nectar_btn size=&#8220;large&#8220; button_style=&#8220;see-through-2&#8243; color_override=&#8220;#141e8c&#8220; hover_color_override=&#8220;#ffffff&#8220; hover_text_color_override=&#8220;#000000&#8243; icon_family=&#8220;none&#8220; url=&#8220;\/de\/termine&#8220; text=&#8220;TERMIN&#8220; margin_top=&#8220;30&#8243; margin_bottom=&#8220;1&#8243;][divider line_type=&#8220;No Line&#8220; custom_height=&#8220;15&#8243;][\/vc_column_inner][\/vc_row_inner][vc_row_inner column_margin=&#8220;default&#8220; top_padding=&#8220;0%&#8220; bottom_padding=&#8220;10%&#8220; translate_y=&#8220;-80%&#8220; text_align=&#8220;center&#8220; css=&#8220;.vc_custom_1549969419622{margin-top: 0px !important;}&#8220;][vc_column_inner column_padding=&#8220;no-extra-padding&#8220; column_padding_position=&#8220;all&#8220; background_color_opacity=&#8220;1&#8243; background_hover_color_opacity=&#8220;1&#8243; column_shadow=&#8220;none&#8220; column_border_radius=&#8220;none&#8220; top_margin=&#8220;0&#8243; column_link_target=&#8220;_self&#8220; width=&#8220;1\/1&#8243; tablet_width_inherit=&#8220;default&#8220; column_border_width=&#8220;none&#8220; column_border_style=&#8220;solid&#8220; bg_image_animation=&#8220;none&#8220;][nectar_cta btn_style=&#8220;material&#8220; heading_tag=&#8220;h4&#8243; text_color=&#8220;#141e8c&#8220; link_type=&#8220;regular&#8220; alignment=&#8220;center&#8220; link_text=&#8220;Patientenerfahrungen lesen&#8220; url=&#8220;\/de\/patientenerfahrungen&#8220;][\/vc_column_inner][\/vc_row_inner][\/vc_column][vc_column column_padding=&#8220;no-extra-padding&#8220; column_padding_position=&#8220;all&#8220; background_color_opacity=&#8220;1&#8243; background_hover_color_opacity=&#8220;1&#8243; column_link_target=&#8220;_self&#8220; column_shadow=&#8220;none&#8220; column_border_radius=&#8220;none&#8220; width=&#8220;1\/4&#8243; tablet_width_inherit=&#8220;default&#8220; tablet_text_alignment=&#8220;default&#8220; phone_text_alignment=&#8220;default&#8220; column_border_width=&#8220;none&#8220; column_border_style=&#8220;solid&#8220; bg_image_animation=&#8220;none&#8220;][\/vc_column][\/vc_row]\n","protected":false},"excerpt":{"rendered":"<p>[vc_row type=&#8220;full_width_background&#8220; full_screen_row_position=&#8220;middle&#8220; bg_color=&#8220;#ffffff&#8220; scene_position=&#8220;center&#8220; text_color=&#8220;dark&#8220; text_align=&#8220;left&#8220; top_padding=&#8220;4%&#8220; overlay_strength=&#8220;0.3&#8243; shape_divider_position=&#8220;bottom&#8220; bg_image_animation=&#8220;none&#8220; shape_type=&#8220;&#8220;][vc_column column_padding=&#8220;no-extra-padding&#8220; column_padding_position=&#8220;all&#8220; background_color_opacity=&#8220;1&#8243; background_hover_color_opacity=&#8220;1&#8243; column_link_target=&#8220;_self&#8220; column_shadow=&#8220;none&#8220; column_border_radius=&#8220;none&#8220; width=&#8220;1\/6&#8243; tablet_width_inherit=&#8220;default&#8220; tablet_text_alignment=&#8220;default&#8220; phone_text_alignment=&#8220;default&#8220; column_border_width=&#8220;none&#8220; column_border_style=&#8220;solid&#8220; bg_image_animation=&#8220;none&#8220;][\/vc_column][vc_column centered_text=&#8220;true&#8220; column_padding=&#8220;no-extra-padding&#8220; column_padding_position=&#8220;all&#8220; background_color_opacity=&#8220;1&#8243;&#8230;<\/p>\n","protected":false},"author":1,"featured_media":16157,"parent":0,"menu_order":0,"comment_status":"closed","ping_status":"closed","template":"","meta":{"footnotes":""},"aioseo_notices":[],"_links":{"self":[{"href":"https:\/\/alfredoferrer.com\/de\/wp-json\/wp\/v2\/pages\/16880"}],"collection":[{"href":"https:\/\/alfredoferrer.com\/de\/wp-json\/wp\/v2\/pages"}],"about":[{"href":"https:\/\/alfredoferrer.com\/de\/wp-json\/wp\/v2\/types\/page"}],"author":[{"embeddable":true,"href":"https:\/\/alfredoferrer.com\/de\/wp-json\/wp\/v2\/users\/1"}],"replies":[{"embeddable":true,"href":"https:\/\/alfredoferrer.com\/de\/wp-json\/wp\/v2\/comments?post=16880"}],"version-history":[{"count":0,"href":"https:\/\/alfredoferrer.com\/de\/wp-json\/wp\/v2\/pages\/16880\/revisions"}],"wp:featuredmedia":[{"embeddable":true,"href":"https:\/\/alfredoferrer.com\/de\/wp-json\/wp\/v2\/media\/16157"}],"wp:attachment":[{"href":"https:\/\/alfredoferrer.com\/de\/wp-json\/wp\/v2\/media?parent=16880"}],"curies":[{"name":"wp","href":"https:\/\/api.w.org\/{rel}","templated":true}]}}