{"id":16873,"date":"2019-02-21T09:28:07","date_gmt":"2019-02-21T09:28:07","guid":{"rendered":"https:\/\/web2019.alfredoferrer.com\/?page_id=16873"},"modified":"2019-03-28T17:41:46","modified_gmt":"2019-03-28T17:41:46","slug":"storungen-augenoberflache-trockenes-auge","status":"publish","type":"page","link":"https:\/\/alfredoferrer.com\/de\/storungen-augenoberflache-trockenes-auge\/","title":{"rendered":"St\u00f6rungen der Augenoberfl\u00e4che \u2013 Trockenes Auge"},"content":{"rendered":"[vc_row type=&#8220;full_width_background&#8220; full_screen_row_position=&#8220;middle&#8220; bg_color=&#8220;#ffffff&#8220; scene_position=&#8220;center&#8220; text_color=&#8220;dark&#8220; text_align=&#8220;left&#8220; top_padding=&#8220;4%&#8220; overlay_strength=&#8220;0.3&#8243; shape_divider_position=&#8220;bottom&#8220; bg_image_animation=&#8220;none&#8220; shape_type=&#8220;&#8220;][vc_column column_padding=&#8220;no-extra-padding&#8220; column_padding_position=&#8220;all&#8220; background_color_opacity=&#8220;1&#8243; background_hover_color_opacity=&#8220;1&#8243; column_link_target=&#8220;_self&#8220; column_shadow=&#8220;none&#8220; column_border_radius=&#8220;none&#8220; width=&#8220;1\/6&#8243; tablet_width_inherit=&#8220;default&#8220; tablet_text_alignment=&#8220;default&#8220; phone_text_alignment=&#8220;default&#8220; column_border_width=&#8220;none&#8220; column_border_style=&#8220;solid&#8220; bg_image_animation=&#8220;none&#8220;][\/vc_column][vc_column centered_text=&#8220;true&#8220; column_padding=&#8220;no-extra-padding&#8220; column_padding_position=&#8220;all&#8220; background_color_opacity=&#8220;1&#8243; background_hover_color_opacity=&#8220;1&#8243; column_link_target=&#8220;_self&#8220; column_shadow=&#8220;none&#8220; column_border_radius=&#8220;none&#8220; width=&#8220;2\/3&#8243; tablet_width_inherit=&#8220;default&#8220; tablet_text_alignment=&#8220;default&#8220; phone_text_alignment=&#8220;default&#8220; column_border_width=&#8220;none&#8220; column_border_style=&#8220;solid&#8220; bg_image_animation=&#8220;none&#8220;][vc_row_inner column_margin=&#8220;default&#8220; text_align=&#8220;left&#8220; css=&#8220;.vc_custom_1548371557160{margin-bottom: 0px !important;padding-bottom: 0px !important;}&#8220;][vc_column_inner column_padding=&#8220;no-extra-padding&#8220; column_padding_position=&#8220;all&#8220; background_color_opacity=&#8220;1&#8243; background_hover_color_opacity=&#8220;1&#8243; column_shadow=&#8220;none&#8220; column_border_radius=&#8220;none&#8220; column_link_target=&#8220;_self&#8220; width=&#8220;1\/1&#8243; tablet_width_inherit=&#8220;default&#8220; column_border_width=&#8220;none&#8220; column_border_style=&#8220;solid&#8220; bg_image_animation=&#8220;none&#8220;][nectar_gradient_text heading_tag=&#8220;h2&#8243; color=&#8220;extra-color-gradient-1&#8243; gradient_direction=&#8220;horizontal&#8220; text=&#8220;St\u00f6rungen der Augenoberfl\u00e4che<br \/>\nTrockenes Auge&#8220;][\/vc_column_inner][\/vc_row_inner][\/vc_column][vc_column column_padding=&#8220;no-extra-padding&#8220; column_padding_position=&#8220;all&#8220; background_color_opacity=&#8220;1&#8243; background_hover_color_opacity=&#8220;1&#8243; column_link_target=&#8220;_self&#8220; column_shadow=&#8220;none&#8220; column_border_radius=&#8220;none&#8220; width=&#8220;1\/6&#8243; tablet_width_inherit=&#8220;default&#8220; tablet_text_alignment=&#8220;default&#8220; phone_text_alignment=&#8220;default&#8220; column_border_width=&#8220;none&#8220; column_border_style=&#8220;solid&#8220; bg_image_animation=&#8220;none&#8220;][\/vc_column][\/vc_row][vc_row type=&#8220;in_container&#8220; full_screen_row_position=&#8220;middle&#8220; scene_position=&#8220;center&#8220; text_color=&#8220;dark&#8220; text_align=&#8220;left&#8220; top_padding=&#8220;6%&#8220; bottom_padding=&#8220;0&#8243; overlay_strength=&#8220;0.3&#8243; shape_divider_position=&#8220;bottom&#8220; bg_image_animation=&#8220;none&#8220; shape_type=&#8220;&#8220;][vc_column column_padding=&#8220;no-extra-padding&#8220; column_padding_position=&#8220;all&#8220; background_color_opacity=&#8220;1&#8243; background_hover_color_opacity=&#8220;1&#8243; column_link_target=&#8220;_self&#8220; column_shadow=&#8220;none&#8220; column_border_radius=&#8220;none&#8220; width=&#8220;1\/1&#8243; tablet_width_inherit=&#8220;default&#8220; tablet_text_alignment=&#8220;default&#8220; phone_text_alignment=&#8220;default&#8220; column_border_width=&#8220;none&#8220; column_border_style=&#8220;solid&#8220; bg_image_animation=&#8220;none&#8220;][vc_raw_js]JTNDdmFyJTIwc3R5bGUlM0QlMjJ3aWR0aCUzQTEwMCUyNSUzQiUyMHBhZGRpbmctYm90dG9tJTNBNTYuMjUlMjUlM0IlMjBkaXNwbGF5JTNBYmxvY2slM0IlMjIlMjBkYXRhLXByZXNlbnRhdGlvbiUzRCUyMjU1N2NmNmI2LTQzOGYtNDhhYy00MzdmLTQyOTc0ODM1NGJhZiUyMiUzRSUzQ2ElMjBocmVmJTNEJTIyaHR0cCUzQSUyRiUyRmZ5aS5yZW5kaWEuY29tJTJGaVVVSjklMjIlMjBzdHlsZSUzRCUyMmRpc3BsYXklM0Fub25lJTIyJTNFVmlldyUyMFZpZGVvJTNDJTJGYSUzRSUzQyUyRnZhciUzRSUzQ3NjcmlwdCUyMHR5cGUlM0QlMjJ0ZXh0JTJGamF2YXNjcmlwdCUyMiUyMHNyYyUzRCUyMiUyRiUyRnJlbmRpYS5jb20lMkZ3aGl0ZWxhYmVsJTJGZW1iZWRfanMlMjIlM0UlM0MlMkZzY3JpcHQlM0U=[\/vc_raw_js][\/vc_column][\/vc_row][vc_row type=&#8220;full_width_background&#8220; full_screen_row_position=&#8220;middle&#8220; bg_color=&#8220;#ffffff&#8220; scene_position=&#8220;center&#8220; text_color=&#8220;dark&#8220; text_align=&#8220;left&#8220; top_padding=&#8220;2%&#8220; bottom_padding=&#8220;6%&#8220; overlay_strength=&#8220;0.3&#8243; shape_divider_position=&#8220;bottom&#8220; bg_image_animation=&#8220;none&#8220; shape_type=&#8220;&#8220;][vc_column column_padding=&#8220;no-extra-padding&#8220; column_padding_position=&#8220;all&#8220; background_color_opacity=&#8220;1&#8243; background_hover_color_opacity=&#8220;1&#8243; column_link_target=&#8220;_self&#8220; column_shadow=&#8220;none&#8220; column_border_radius=&#8220;none&#8220; width=&#8220;1\/1&#8243; tablet_width_inherit=&#8220;default&#8220; tablet_text_alignment=&#8220;default&#8220; phone_text_alignment=&#8220;default&#8220; column_border_width=&#8220;none&#8220; column_border_style=&#8220;solid&#8220; bg_image_animation=&#8220;none&#8220;][tabbed_section style=&#8220;vertical_modern&#8220; tab_color=&#8220;Accent-Color&#8220;][tab icon_family=&#8220;iconsmind&#8220; title=&#8220;Was sind sie?&#8220; id=&#8220;1553794811418-6&#8243; icon_iconsmind=&#8220;iconsmind-Livejournal&#8220; tab_id=&#8220;1553794811420-0&#8243;][vc_row_inner column_margin=&#8220;default&#8220; text_align=&#8220;left&#8220;][vc_column_inner column_padding=&#8220;padding-3-percent&#8220; column_padding_position=&#8220;top-bottom&#8220; background_color_opacity=&#8220;1&#8243; background_hover_color_opacity=&#8220;1&#8243; column_shadow=&#8220;none&#8220; column_border_radius=&#8220;none&#8220; column_link_target=&#8220;_self&#8220; width=&#8220;1\/1&#8243; tablet_width_inherit=&#8220;default&#8220; column_border_width=&#8220;none&#8220; column_border_style=&#8220;solid&#8220; bg_image_animation=&#8220;none&#8220; enable_animation=&#8220;true&#8220; animation=&#8220;fade-in-from-bottom&#8220;][divider line_type=&#8220;No Line&#8220; custom_height=&#8220;40&#8243;][vc_column_text]\n<p style=\"text-align: justify;\">Dabei handelt es sich um St\u00f6rungen der Menge und\/ oder der optimalen Qualit\u00e4tdes Tr\u00e4nenfilmes.<\/p>\n<h4>Welche Symptome gibt es bei St\u00f6rungen der Augenoberfl\u00e4che?<\/h4>\n<p><img loading=\"lazy\" decoding=\"async\" class=\"alignright size-full wp-image-14926\" style=\"text-align: justify;\" src=\"https:\/\/54.72.137.141\/wp-content\/uploads\/2014\/04\/ojo-seco.jpg\" alt=\"\" width=\"250\" height=\"188\" srcset=\"https:\/\/alfredoferrer.com\/wp-content\/uploads\/2014\/04\/ojo-seco.jpg 250w, https:\/\/alfredoferrer.com\/wp-content\/uploads\/2014\/04\/ojo-seco-94x70.jpg 94w\" sizes=\"(max-width: 250px) 100vw, 250px\" \/><\/p>\n<p>Symptome k\u00f6nnen mit unterschiedlicher Auspr\u00e4gung vorkommen, unter den wichtigsten befinden sich:<\/p>\n<ul>\n<li>Fremdk\u00f6rpergef\u00fchl.<\/li>\n<li>Augenjucken und \u2013brennen.<\/li>\n<li>Schmerzen am Augen, manchmal auch hinter dem Auge.<\/li>\n<li>Pl\u00f6tzliches und vermehrtes Tr\u00e4nen.<\/li>\n<li>Verklebte Augen.<\/li>\n<li>Augenr\u00f6tung.<\/li>\n<li>Verschleiertes Sehen.<\/li>\n<li>Blendungsempfindlichkeit.<\/li>\n<li>Lichtempfindlichkeit.<\/li>\n<li>Unvertr\u00e4glichkeiten von Kosmetika (z. B. Kajalstifte).<\/li>\n<li>Eingeschr\u00e4nkter Tragekomfort von Kontaktlinsen bis hin zur Unvertr\u00e4glichkeit.<\/li>\n<\/ul>\n[\/vc_column_text][divider line_type=&#8220;No Line&#8220; custom_height=&#8220;40&#8243;][vc_column_text]\n<h4>Weitere Infos:<\/h4>\n<p><a href=\"http:\/\/www.dog.org\/wp-content\/uploads\/2009\/12\/Trockenes_Auge_Internet-Stand-02-2011.pdf\">http:\/\/www.dog.org\/wp-content\/uploads\/2009\/12\/Trockenes_Auge_Internet-Stand-02-2011.pdf<br \/>\n<\/a><a href=\"http:\/\/www.augenklinik.uni-bonn.de\/patienten\/sprechstunden\/das-trockene-auge\">http:\/\/www.augenklinik.uni-bonn.de\/patienten\/sprechstunden\/das-trockene-auge<br \/>\n<\/a><a href=\"http:\/\/www.neuhann.de\/trockenes-auge\/\">http:\/\/www.neuhann.de\/trockenes-auge\/<br \/>\n<\/a><a href=\"http:\/\/www.gesund.at\/a\/rasche-hilfe-gegen-trockene-augen\">http:\/\/www.gesund.at\/a\/rasche-hilfe-gegen-trockene-augen<\/a>[\/vc_column_text][\/vc_column_inner][\/vc_row_inner][divider line_type=&#8220;No Line&#8220; custom_height=&#8220;40&#8243;][\/tab][tab icon_family=&#8220;iconsmind&#8220; title=&#8220;Ursachen&#8220; id=&#8220;1553794811561-10&#8243; icon_iconsmind=&#8220;iconsmind-Thunder&#8220; tab_id=&#8220;1553794811562-4&#8243;][vc_row_inner column_margin=&#8220;default&#8220; text_align=&#8220;left&#8220;][vc_column_inner column_padding=&#8220;padding-3-percent&#8220; column_padding_position=&#8220;top-bottom&#8220; background_color_opacity=&#8220;1&#8243; background_hover_color_opacity=&#8220;1&#8243; column_shadow=&#8220;none&#8220; column_border_radius=&#8220;none&#8220; column_link_target=&#8220;_self&#8220; width=&#8220;1\/1&#8243; tablet_width_inherit=&#8220;default&#8220; column_border_width=&#8220;none&#8220; column_border_style=&#8220;solid&#8220; bg_image_animation=&#8220;none&#8220; enable_animation=&#8220;true&#8220; animation=&#8220;fade-in-from-bottom&#8220;][vc_column_text css=&#8220;.vc_custom_1550740930396{padding-right: 10% !important;}&#8220;]\n<h4>Welche Ursachen bzw. Risikofaktoren gibt es?<\/h4>\n<ul>\n<li>Nachlassende Tr\u00e4nenproduktion im Alter.<\/li>\n<li>Kontaktlinsen.<\/li>\n<li>Hormonschwankungen und \u2013St\u00f6rungen (z.B. Schilddr\u00fcsendysfunktion).<\/li>\n<li>Gewisse Medikamente (u.A. Entz\u00fcndungshemmer, Hormonpr\u00e4parate; Pille, Beta-blocker).<\/li>\n<li>Zustand nach Augenoperationen.<\/li>\n<li>Aussetzung an Wind, K\u00e4lte, Hitze, trockene Luft (Klimaanlagen, Heizungen).<\/li>\n<li>Intensive Arbeit am Computer oder Fernsehen.<\/li>\n<li>Intensives Lesen.<\/li>\n<li>Verrauchte Atmosph\u00e4ren.<\/li>\n<li>Ern\u00e4hrungsst\u00f6rungen, Einseitige Ern\u00e4hrung.<\/li>\n<li>Kaffee-, Alkohol- und Nikotinkonsum.<\/li>\n<\/ul>\n[\/vc_column_text][\/vc_column_inner][\/vc_row_inner][\/tab][tab icon_family=&#8220;iconsmind&#8220; title=&#8220;Warum ist das wichtig?&#8220; id=&#8220;1553794811643-9&#8243; icon_iconsmind=&#8220;iconsmind-Idea-4&#8243; tab_id=&#8220;1553794811645-2&#8243;][vc_row_inner column_margin=&#8220;default&#8220; text_align=&#8220;left&#8220;][vc_column_inner column_padding=&#8220;padding-3-percent&#8220; column_padding_position=&#8220;top-bottom&#8220; background_color_opacity=&#8220;1&#8243; background_hover_color_opacity=&#8220;1&#8243; column_shadow=&#8220;none&#8220; column_border_radius=&#8220;none&#8220; column_link_target=&#8220;_self&#8220; width=&#8220;1\/1&#8243; tablet_width_inherit=&#8220;default&#8220; column_border_width=&#8220;none&#8220; column_border_style=&#8220;solid&#8220; bg_image_animation=&#8220;none&#8220; enable_animation=&#8220;true&#8220; animation=&#8220;fade-in-from-bottom&#8220;][vc_column_text css=&#8220;.vc_custom_1550740868488{padding-right: 10% !important;}&#8220;]\n<p style=\"text-align: justify;\">Der intakte Tr\u00e4nenfilm schmiert die Hornhautoberfl\u00e4che beim Lidschlag, sch\u00fctzt sie vor der Austrocknung und vor Mikroorganismen und leistet Beitrag zur glatten und optisch optimalen Oberfl\u00e4che.<\/p>\n<p style=\"text-align: justify;\">Die Qualit\u00e4t des Tr\u00e4nenfilmes l\u00e4sst im Laufe des Lebens nach, so dass Symptome sehr h\u00e4ufig unter der Erwachsenen Bev\u00f6lkerung kommen.<\/p>\n[\/vc_column_text][\/vc_column_inner][\/vc_row_inner][\/tab][tab icon_family=&#8220;iconsmind&#8220; title=&#8220;Behandlung&#8220; id=&#8220;1553794811716-4&#8243; icon_iconsmind=&#8220;iconsmind-Target&#8220; tab_id=&#8220;1553794811717-6&#8243;][vc_row_inner column_margin=&#8220;default&#8220; text_align=&#8220;left&#8220;][vc_column_inner column_padding=&#8220;padding-3-percent&#8220; column_padding_position=&#8220;top-bottom&#8220; background_color_opacity=&#8220;1&#8243; background_hover_color_opacity=&#8220;1&#8243; column_shadow=&#8220;none&#8220; column_border_radius=&#8220;none&#8220; column_link_target=&#8220;_self&#8220; width=&#8220;1\/1&#8243; tablet_width_inherit=&#8220;default&#8220; column_border_width=&#8220;none&#8220; column_border_style=&#8220;solid&#8220; bg_image_animation=&#8220;none&#8220; enable_animation=&#8220;true&#8220; animation=&#8220;fade-in-from-bottom&#8220;][vc_column_text css=&#8220;.vc_custom_1550740909646{padding-right: 10% !important;}&#8220;]\n<ul>\n<li>Augentropfen und- salben zur Pflege und Regeneration der Hornhautoberfl\u00e4che.<\/li>\n<li>Behandlung von evtl. vorhandenen lokalen Reizzust\u00e4nden.<\/li>\n<li>\u201ePunctum Plugs\u201c: winzige Implantate zur Abflussregulierung der Tr\u00e4nenwege, um die Verweilzeit der eigenen Tr\u00e4nenfl\u00fcssigkeit in Kontakt mit der Augenoberfl\u00e4che zu Verl\u00e4ngern.<\/li>\n<li>Nahrungserg\u00e4nzungsmittel.<\/li>\n<li>Verbesserung eventueller Risikofaktoren<\/li>\n<li>Behandlung von evtl. vorhandenen Allgemeinerkrankungen.<\/li>\n<li>Meidung von Rauch und Staub.<\/li>\n<\/ul>\n[\/vc_column_text][\/vc_column_inner][\/vc_row_inner][\/tab][\/tabbed_section][\/vc_column][\/vc_row][vc_row type=&#8220;full_width_background&#8220; full_screen_row_position=&#8220;middle&#8220; bg_color=&#8220;#f2f2f2&#8243; scene_position=&#8220;center&#8220; text_color=&#8220;dark&#8220; text_align=&#8220;left&#8220; top_padding=&#8220;8%&#8220; overlay_strength=&#8220;0.8&#8243; enable_shape_divider=&#8220;true&#8220; shape_divider_position=&#8220;top&#8220; shape_divider_height=&#8220;200&#8243; bg_image_animation=&#8220;none&#8220; shape_type=&#8220;curve_opacity&#8220;][vc_column column_padding=&#8220;no-extra-padding&#8220; column_padding_position=&#8220;all&#8220; background_color_opacity=&#8220;1&#8243; background_hover_color_opacity=&#8220;1&#8243; font_color=&#8220;#ffffff&#8220; column_link_target=&#8220;_self&#8220; column_shadow=&#8220;none&#8220; column_border_radius=&#8220;none&#8220; width=&#8220;1\/4&#8243; tablet_width_inherit=&#8220;default&#8220; tablet_text_alignment=&#8220;default&#8220; phone_text_alignment=&#8220;default&#8220; column_border_width=&#8220;none&#8220; column_border_style=&#8220;solid&#8220; bg_image_animation=&#8220;none&#8220; translate_y=&#8220;-50%&#8220;][\/vc_column][vc_column column_padding=&#8220;no-extra-padding&#8220; column_padding_position=&#8220;all&#8220; background_color_opacity=&#8220;1&#8243; background_hover_color_opacity=&#8220;1&#8243; column_link_target=&#8220;_self&#8220; column_shadow=&#8220;none&#8220; column_border_radius=&#8220;none&#8220; width=&#8220;1\/2&#8243; tablet_width_inherit=&#8220;default&#8220; tablet_text_alignment=&#8220;default&#8220; phone_text_alignment=&#8220;default&#8220; column_border_width=&#8220;none&#8220; column_border_style=&#8220;solid&#8220; bg_image_animation=&#8220;none&#8220;][vc_row_inner column_margin=&#8220;default&#8220; bottom_padding=&#8220;2%&#8220; translate_y=&#8220;-50%&#8220; text_align=&#8220;left&#8220; css=&#8220;.vc_custom_1549969304165{margin-bottom: 0px !important;}&#8220;][vc_column_inner column_padding=&#8220;padding-5-percent&#8220; column_padding_position=&#8220;all&#8220; centered_text=&#8220;true&#8220; background_color=&#8220;#ffffff&#8220; background_color_opacity=&#8220;1&#8243; background_color_hover=&#8220;#f9f9f9&#8243; background_hover_color_opacity=&#8220;1&#8243; font_color=&#8220;#141e8c&#8220; column_shadow=&#8220;x_large_depth&#8220; column_border_radius=&#8220;20px&#8220; column_link_target=&#8220;_self&#8220; width=&#8220;1\/1&#8243; tablet_width_inherit=&#8220;default&#8220; column_border_width=&#8220;2px&#8220; column_border_color=&#8220;#141e8c&#8220; column_border_style=&#8220;solid&#8220; enable_border_animation=&#8220;true&#8220; bg_image_animation=&#8220;none&#8220; enable_animation=&#8220;true&#8220; animation=&#8220;flip-in-vertical&#8220; border_animation_delay=&#8220;400&#8243;][divider line_type=&#8220;No Line&#8220; custom_height=&#8220;15&#8243;][vc_custom_heading text=&#8220;Termin vereinbaren&#8220; font_container=&#8220;tag:h3|text_align:center&#8220; use_theme_fonts=&#8220;yes&#8220; link=&#8220;url:%2Fde%2Ftermine|||&#8220;][vc_custom_heading text=&#8220;Denia &#8211; Moraira&#8220; font_container=&#8220;tag:h4|text_align:center&#8220; use_theme_fonts=&#8220;yes&#8220; link=&#8220;url:%2Fde%2Ftermine|||&#8220; css=&#8220;.vc_custom_1550741232094{padding-top: 5px !important;}&#8220;][vc_custom_heading text=&#8220;Telefon Nr. (+34) 96 642 6226&#8243; font_container=&#8220;tag:h4|text_align:center&#8220; use_theme_fonts=&#8220;yes&#8220; link=&#8220;url:%2Fde%2Ftermine|||&#8220; css=&#8220;.vc_custom_1550741250629{padding-top: 5px !important;}&#8220;][nectar_btn size=&#8220;large&#8220; button_style=&#8220;see-through-2&#8243; color_override=&#8220;#141e8c&#8220; hover_color_override=&#8220;#ffffff&#8220; hover_text_color_override=&#8220;#000000&#8243; icon_family=&#8220;none&#8220; url=&#8220;\/de\/termine&#8220; text=&#8220;TERMIN&#8220; margin_top=&#8220;30&#8243; margin_bottom=&#8220;1&#8243;][divider line_type=&#8220;No Line&#8220; custom_height=&#8220;15&#8243;][\/vc_column_inner][\/vc_row_inner][vc_row_inner column_margin=&#8220;default&#8220; top_padding=&#8220;0%&#8220; bottom_padding=&#8220;10%&#8220; translate_y=&#8220;-80%&#8220; text_align=&#8220;center&#8220; css=&#8220;.vc_custom_1549969419622{margin-top: 0px !important;}&#8220;][vc_column_inner column_padding=&#8220;no-extra-padding&#8220; column_padding_position=&#8220;all&#8220; background_color_opacity=&#8220;1&#8243; background_hover_color_opacity=&#8220;1&#8243; column_shadow=&#8220;none&#8220; column_border_radius=&#8220;none&#8220; top_margin=&#8220;0&#8243; column_link_target=&#8220;_self&#8220; width=&#8220;1\/1&#8243; tablet_width_inherit=&#8220;default&#8220; column_border_width=&#8220;none&#8220; column_border_style=&#8220;solid&#8220; bg_image_animation=&#8220;none&#8220;][nectar_cta btn_style=&#8220;material&#8220; heading_tag=&#8220;h4&#8243; text_color=&#8220;#141e8c&#8220; link_type=&#8220;regular&#8220; alignment=&#8220;center&#8220; link_text=&#8220;Patientenerfahrungen lesen&#8220; url=&#8220;\/de\/patientenerfahrungen&#8220;][\/vc_column_inner][\/vc_row_inner][\/vc_column][vc_column column_padding=&#8220;no-extra-padding&#8220; column_padding_position=&#8220;all&#8220; background_color_opacity=&#8220;1&#8243; background_hover_color_opacity=&#8220;1&#8243; column_link_target=&#8220;_self&#8220; column_shadow=&#8220;none&#8220; column_border_radius=&#8220;none&#8220; width=&#8220;1\/4&#8243; tablet_width_inherit=&#8220;default&#8220; tablet_text_alignment=&#8220;default&#8220; phone_text_alignment=&#8220;default&#8220; column_border_width=&#8220;none&#8220; column_border_style=&#8220;solid&#8220; bg_image_animation=&#8220;none&#8220;][\/vc_column][\/vc_row]\n","protected":false},"excerpt":{"rendered":"<p>[vc_row type=&#8220;full_width_background&#8220; full_screen_row_position=&#8220;middle&#8220; bg_color=&#8220;#ffffff&#8220; scene_position=&#8220;center&#8220; text_color=&#8220;dark&#8220; text_align=&#8220;left&#8220; top_padding=&#8220;4%&#8220; overlay_strength=&#8220;0.3&#8243; shape_divider_position=&#8220;bottom&#8220; bg_image_animation=&#8220;none&#8220; shape_type=&#8220;&#8220;][vc_column column_padding=&#8220;no-extra-padding&#8220; column_padding_position=&#8220;all&#8220; background_color_opacity=&#8220;1&#8243; background_hover_color_opacity=&#8220;1&#8243; column_link_target=&#8220;_self&#8220; column_shadow=&#8220;none&#8220; column_border_radius=&#8220;none&#8220; width=&#8220;1\/6&#8243; tablet_width_inherit=&#8220;default&#8220; tablet_text_alignment=&#8220;default&#8220; phone_text_alignment=&#8220;default&#8220; column_border_width=&#8220;none&#8220; column_border_style=&#8220;solid&#8220; bg_image_animation=&#8220;none&#8220;][\/vc_column][vc_column centered_text=&#8220;true&#8220; column_padding=&#8220;no-extra-padding&#8220; column_padding_position=&#8220;all&#8220; background_color_opacity=&#8220;1&#8243;&#8230;<\/p>\n","protected":false},"author":1,"featured_media":14926,"parent":0,"menu_order":0,"comment_status":"closed","ping_status":"closed","template":"","meta":{"footnotes":""},"aioseo_notices":[],"_links":{"self":[{"href":"https:\/\/alfredoferrer.com\/de\/wp-json\/wp\/v2\/pages\/16873"}],"collection":[{"href":"https:\/\/alfredoferrer.com\/de\/wp-json\/wp\/v2\/pages"}],"about":[{"href":"https:\/\/alfredoferrer.com\/de\/wp-json\/wp\/v2\/types\/page"}],"author":[{"embeddable":true,"href":"https:\/\/alfredoferrer.com\/de\/wp-json\/wp\/v2\/users\/1"}],"replies":[{"embeddable":true,"href":"https:\/\/alfredoferrer.com\/de\/wp-json\/wp\/v2\/comments?post=16873"}],"version-history":[{"count":0,"href":"https:\/\/alfredoferrer.com\/de\/wp-json\/wp\/v2\/pages\/16873\/revisions"}],"wp:featuredmedia":[{"embeddable":true,"href":"https:\/\/alfredoferrer.com\/de\/wp-json\/wp\/v2\/media\/14926"}],"wp:attachment":[{"href":"https:\/\/alfredoferrer.com\/de\/wp-json\/wp\/v2\/media?parent=16873"}],"curies":[{"name":"wp","href":"https:\/\/api.w.org\/{rel}","templated":true}]}}